{"id":45224,"date":"2023-12-12T10:47:53","date_gmt":"2023-12-12T09:47:53","guid":{"rendered":"https:\/\/pet-shopping.de\/shop\/produkt\/pets-best-wuerfelfleisch-pferd-gross-200g\/"},"modified":"2023-12-12T10:47:54","modified_gmt":"2023-12-12T09:47:54","slug":"pets-best-wuerfelfleisch-pferd-gross-200g","status":"publish","type":"product","link":"https:\/\/all-pets.de\/shop\/produkt\/pets-best-wuerfelfleisch-pferd-gross-200g\/","title":{"rendered":"Pets-Best W\u00fcrfelfleisch Pferd &#8211; gro\u00df 200g"},"content":{"rendered":"<h4>W\u00fcrfelfleisch aus 100% Pferd. <\/h4>\n<h4>Zusammensetzung:<\/h4>\n<p>Dieser Artikel ist zu 100% Pferd (Monoprotein), ohne Zusatz von Getreide oder anderen Streckmitteln.<\/p>\n<p>Unse W\u00fcrfelfleisch Pferd ist glutenfrei, ohne Chemie und Konservierungsstoffe.<\/p>\n<p>Inhaltsstoffe (Analyse unterliegt den nat\u00fcrlichen Schwankungen): Protein 64,0%, Fett 25,6%, Asche 4,0%.<\/p>\n<p>Gr\u00f6\u00dfe: ca. 2,5 x 2,5cm <\/p>\n","protected":false},"excerpt":{"rendered":"<p>W\u00fcrfelfleisch aus 100% Pferd. Zusammensetzung: Dieser Artikel ist zu 100% Pferd (Monoprotein), ohne Zusatz von Getreide oder anderen Streckmitteln. Unse W\u00fcrfelfleisch Pferd ist glutenfrei, ohne Chemie und Konservierungsstoffe. Inhaltsstoffe (Analyse unterliegt den nat\u00fcrlichen Schwankungen): Protein 64,0%, Fett 25,6%, Asche 4,0%. Gr\u00f6\u00dfe: ca. 2,5 x 2,5cm<\/p>\n","protected":false},"featured_media":36370,"comment_status":"closed","ping_status":"open","template":"","meta":[],"product_cat":[13909],"product_tag":[],"class_list":{"0":"post-45224","1":"product","2":"type-product","3":"status-publish","4":"has-post-thumbnail","6":"product_cat-pets-best","8":"first","9":"instock","10":"taxable","11":"shipping-taxable","12":"purchasable","13":"product-type-simple"},"_links":{"self":[{"href":"https:\/\/all-pets.de\/shop\/wp-json\/wp\/v2\/product\/45224","targetHints":{"allow":["GET"]}}],"collection":[{"href":"https:\/\/all-pets.de\/shop\/wp-json\/wp\/v2\/product"}],"about":[{"href":"https:\/\/all-pets.de\/shop\/wp-json\/wp\/v2\/types\/product"}],"replies":[{"embeddable":true,"href":"https:\/\/all-pets.de\/shop\/wp-json\/wp\/v2\/comments?post=45224"}],"wp:featuredmedia":[{"embeddable":true,"href":"https:\/\/all-pets.de\/shop\/wp-json\/wp\/v2\/media\/36370"}],"wp:attachment":[{"href":"https:\/\/all-pets.de\/shop\/wp-json\/wp\/v2\/media?parent=45224"}],"wp:term":[{"taxonomy":"product_cat","embeddable":true,"href":"https:\/\/all-pets.de\/shop\/wp-json\/wp\/v2\/product_cat?post=45224"},{"taxonomy":"product_tag","embeddable":true,"href":"https:\/\/all-pets.de\/shop\/wp-json\/wp\/v2\/product_tag?post=45224"}],"curies":[{"name":"wp","href":"https:\/\/api.w.org\/{rel}","templated":true}]}}