{"id":45226,"date":"2023-12-12T10:47:53","date_gmt":"2023-12-12T09:47:53","guid":{"rendered":"https:\/\/pet-shopping.de\/shop\/produkt\/trixie-xmas-rentier-42-cm\/"},"modified":"2023-12-12T10:47:54","modified_gmt":"2023-12-12T09:47:54","slug":"trixie-xmas-rentier-42-cm","status":"publish","type":"product","link":"https:\/\/all-pets.de\/shop\/produkt\/trixie-xmas-rentier-42-cm\/","title":{"rendered":"Trixie Xmas Rentier &#8211; 42 cm"},"content":{"rendered":"<ul>\n<li> Stoff <\/li>\n<li> mit Stimme <\/li>\n<li>Gr\u00f6\u00dfe: ca. 42 cm <\/li>\n<li>Farben k\u00f6nnen vom Bild abweichen! <\/li>\n<\/ul>\n","protected":false},"excerpt":{"rendered":"<p>Stoff mit Stimme Gr\u00f6\u00dfe: ca. 42 cm Farben k\u00f6nnen vom Bild abweichen!<\/p>\n","protected":false},"featured_media":32473,"comment_status":"closed","ping_status":"open","template":"","meta":[],"product_cat":[13747],"product_tag":[],"class_list":{"0":"post-45226","1":"product","2":"type-product","3":"status-publish","4":"has-post-thumbnail","6":"product_cat-plueschspielzeug","8":"first","9":"instock","10":"taxable","11":"shipping-taxable","12":"purchasable","13":"product-type-simple"},"_links":{"self":[{"href":"https:\/\/all-pets.de\/shop\/wp-json\/wp\/v2\/product\/45226","targetHints":{"allow":["GET"]}}],"collection":[{"href":"https:\/\/all-pets.de\/shop\/wp-json\/wp\/v2\/product"}],"about":[{"href":"https:\/\/all-pets.de\/shop\/wp-json\/wp\/v2\/types\/product"}],"replies":[{"embeddable":true,"href":"https:\/\/all-pets.de\/shop\/wp-json\/wp\/v2\/comments?post=45226"}],"wp:featuredmedia":[{"embeddable":true,"href":"https:\/\/all-pets.de\/shop\/wp-json\/wp\/v2\/media\/32473"}],"wp:attachment":[{"href":"https:\/\/all-pets.de\/shop\/wp-json\/wp\/v2\/media?parent=45226"}],"wp:term":[{"taxonomy":"product_cat","embeddable":true,"href":"https:\/\/all-pets.de\/shop\/wp-json\/wp\/v2\/product_cat?post=45226"},{"taxonomy":"product_tag","embeddable":true,"href":"https:\/\/all-pets.de\/shop\/wp-json\/wp\/v2\/product_tag?post=45226"}],"curies":[{"name":"wp","href":"https:\/\/api.w.org\/{rel}","templated":true}]}}