{"id":45228,"date":"2023-12-12T10:47:53","date_gmt":"2023-12-12T09:47:53","guid":{"rendered":"https:\/\/pet-shopping.de\/shop\/produkt\/granatapet-delicatessen-dose-kitten-gefluegel-200g\/"},"modified":"2023-12-12T10:47:54","modified_gmt":"2023-12-12T09:47:54","slug":"granatapet-delicatessen-dose-kitten-gefluegel-200g","status":"publish","type":"product","link":"https:\/\/all-pets.de\/shop\/produkt\/granatapet-delicatessen-dose-kitten-gefluegel-200g\/","title":{"rendered":"GranataPet Delicatessen Dose Kitten Gefl\u00fcgel 200g"},"content":{"rendered":"<p class=\"Info\"><strong><span style=\"font-family: MyriadPro-Bold\">Warum ist GranataPet so besonders?<\/span><\/strong><\/p>\n<p class=\"Info\">Granatapfelkerne sind besonders reich an nat\u00fcrlichen <br \/> Polyphenolen (Ellags\u00e4ure). Durch das gezielte Abfangen freier Radikale kann dies f\u00fcr Ihre Katze Zellschutz sowie St\u00e4rkung des Immunsystems bedeuten.<\/p>\n<p class=\"Info\">\u00a0<\/p>\n<p class=\"Info\"><strong><span style=\"font-family: MyriadPro-Bold\">Hergestellt:<\/span><\/strong><\/p>\n<p class=\"keyfacts\">IN Deutschland<\/p>\n<p class=\"keyfacts\">MIT Granatapfelkernen, MIT Taurin, MIT Lein\u00f6l<\/p>\n<p class=\"keyfacts\">MIT Gr\u00fcnlippmuschel (nat\u00fcrliches Chondroitin <br \/> und Glucosamin)<\/p>\n<p class=\"keyfacts\">OHNE Getreide, OHNE Gluten<\/p>\n<p class=\"keyfacts\">OHNE Weizen, OHNE Reis, OHNE Mais, OHNE Soja <\/p>\n<p class=\"keyfacts\">OHNE Zugabe von Zucker, OHNE Vitamin K3<\/p>\n<p class=\"keyfacts\">OHNE k\u00fcnstliche Konservierungsmittel<\/p>\n<p class=\"keyfacts\">OHNE Farb- und Aromastoffe<\/p>\n<p class=\"keyfacts\">OHNE GVO (OHNE gentechnisch ver\u00e4nderte Organismen)<\/p>\n<p>DE Alleinfuttermittel f\u00fcr heranwachsende Katzen <br \/> GranataPet DeliCatessen Kitten \/ Junior Gefl\u00fcgel<\/p>\n<p>Zusammensetzung: Gefl\u00fcgelfleisch 72 % (bestehend aus Muskelfleisch, Herz, Magen, Leber), Gefl\u00fcgelbr\u00fche 24,9 %, Granatapfelkerne 1 %, Lachs\u00f6l 1 %, Mineralstoffe 1 %, Gr\u00fcnlippmuschel 0,1 % <\/p>\n<p>Analytische Bestandteile: Protein 10,2 %, Fettgehalt 5,2 %, Rohasche 2,2 %, Rohfaser 0,5 %, Feuchtegehalt 80 % <\/p>\n<p>Ern\u00e4hrungsphysiologische Zusatzstoffe\/kg: Vitamin D3 200 IE, Taurin 1500 mg, Zink (als Zinksulfat, Monohydrat) 25 mg, Mangan (als Mangan(II)-sulfat, Monohydrat) 1,4 mg, Jod (als Kalziumjodat, wasserfrei) 0,75 mg, Kupfer (als Kupfer(II)-sulfat, Pentahydrat) 1 mg <\/p>\n<p class=\"keyfacts\">F\u00fctterungsempfehlung: <\/p>\n<p class=\"keyfacts\">\n<table width=\"687\" cellspacing=\"0\" cellpadding=\"0\" border=\"0\">\n<colgroup \/>\n<col style=\"width: 151pt\" width=\"201\" \/>\n<col style=\"width: 174pt\" width=\"232\" \/>\n<col style=\"width: 130pt\" width=\"173\" \/>\n<col style=\"width: 61pt\" width=\"81\" \/><\/colgroup>\n<tbody>\n<tr style=\"height: 15.0pt\" height=\"20\">\n<td class=\"xl66\" style=\"height: 15.0pt  width: 151pt\" width=\"201\" height=\"20\">Aktuelles Gewicht Katze<span>\u00a0<\/span><\/td>\n<td class=\"xl67\" style=\"width: 174pt\" width=\"232\">bis 4 Monate<span>\u00a0<\/span><\/td>\n<td class=\"xl67\" style=\"width: 130pt\" width=\"173\">4-9 Monate<\/td>\n<td class=\"xl67\" style=\"width: 61pt\" width=\"81\">9-12 Monate<\/td>\n<\/tr>\n<tr style=\"height: 15.0pt\" height=\"20\">\n<td class=\"xl66\" style=\"height: 15.0pt\" height=\"20\">Current weight cat<\/td>\n<td class=\"xl67\">up to 4 months<\/td>\n<td class=\"xl68\">4 to 9 months<\/td>\n<td class=\"xl67\">9-12 months<\/td>\n<\/tr>\n<tr style=\"height: 15.0pt\" height=\"20\">\n<td class=\"xl67\" style=\"height: 15.0pt\" height=\"20\">0.5kg-1kg<\/td>\n<td class=\"xl67\">155g-245g<\/td>\n<td class=\"xl67\">&#8211;<\/td>\n<td class=\"xl67\">&#8211;<\/td>\n<\/tr>\n<tr style=\"height: 15.0pt\" height=\"20\">\n<td class=\"xl67\" style=\"height: 15.0pt\" height=\"20\">1.5kg-2.5kg<\/td>\n<td class=\"xl67\">320g-450g<\/td>\n<td class=\"xl67\">270g-375g<\/td>\n<td class=\"xl67\">215g-300g<\/td>\n<\/tr>\n<tr style=\"height: 15.0pt\" height=\"20\">\n<td class=\"xl67\" style=\"height: 15.0pt\" height=\"20\">3kg-4kg<\/td>\n<td class=\"xl67\">510g-620g<\/td>\n<td class=\"xl67\">425g-515g<\/td>\n<td class=\"xl67\">340g-410g<\/td>\n<\/tr>\n<tr style=\"height: 15.0pt\" height=\"20\">\n<td class=\"xl67\" style=\"height: 15.0pt\" height=\"20\">4.5kg-5kg<\/td>\n<td class=\"xl67\">&#8211;<\/td>\n<td class=\"xl67\">560g-600g<\/td>\n<td class=\"xl67\">445g-480g<\/td>\n<\/tr>\n<\/tbody>\n<\/table>\n","protected":false},"excerpt":{"rendered":"<p>Warum ist GranataPet so besonders? Granatapfelkerne sind besonders reich an nat\u00fcrlichen Polyphenolen (Ellags\u00e4ure). Durch das gezielte Abfangen freier Radikale kann dies f\u00fcr Ihre Katze Zellschutz sowie St\u00e4rkung des Immunsystems bedeuten. \u00a0 Hergestellt: IN Deutschland MIT Granatapfelkernen, MIT Taurin, MIT Lein\u00f6l MIT Gr\u00fcnlippmuschel (nat\u00fcrliches Chondroitin und Glucosamin) OHNE Getreide, OHNE Gluten OHNE Weizen, OHNE Reis, OHNE [&hellip;]<\/p>\n","protected":false},"featured_media":856,"comment_status":"closed","ping_status":"open","template":"","meta":[],"product_cat":[13831],"product_tag":[],"class_list":{"0":"post-45228","1":"product","2":"type-product","3":"status-publish","4":"has-post-thumbnail","6":"product_cat-granatapet","8":"first","9":"instock","10":"taxable","11":"shipping-taxable","12":"purchasable","13":"product-type-simple"},"_links":{"self":[{"href":"https:\/\/all-pets.de\/shop\/wp-json\/wp\/v2\/product\/45228","targetHints":{"allow":["GET"]}}],"collection":[{"href":"https:\/\/all-pets.de\/shop\/wp-json\/wp\/v2\/product"}],"about":[{"href":"https:\/\/all-pets.de\/shop\/wp-json\/wp\/v2\/types\/product"}],"replies":[{"embeddable":true,"href":"https:\/\/all-pets.de\/shop\/wp-json\/wp\/v2\/comments?post=45228"}],"wp:featuredmedia":[{"embeddable":true,"href":"https:\/\/all-pets.de\/shop\/wp-json\/wp\/v2\/media\/856"}],"wp:attachment":[{"href":"https:\/\/all-pets.de\/shop\/wp-json\/wp\/v2\/media?parent=45228"}],"wp:term":[{"taxonomy":"product_cat","embeddable":true,"href":"https:\/\/all-pets.de\/shop\/wp-json\/wp\/v2\/product_cat?post=45228"},{"taxonomy":"product_tag","embeddable":true,"href":"https:\/\/all-pets.de\/shop\/wp-json\/wp\/v2\/product_tag?post=45228"}],"curies":[{"name":"wp","href":"https:\/\/api.w.org\/{rel}","templated":true}]}}