{"id":45229,"date":"2023-12-12T10:47:53","date_gmt":"2023-12-12T09:47:53","guid":{"rendered":"https:\/\/pet-shopping.de\/shop\/produkt\/pet-star-lachsoel-500ml\/"},"modified":"2023-12-12T10:47:55","modified_gmt":"2023-12-12T09:47:55","slug":"pet-star-lachsoel-500ml","status":"publish","type":"product","link":"https:\/\/all-pets.de\/shop\/produkt\/pet-star-lachsoel-500ml\/","title":{"rendered":"Pet-Star Lachs\u00f6l 500ml"},"content":{"rendered":"<p><strong>Pet-Star Lachs\u00f6l <\/strong><br \/>Einzelfuttermittel f\u00fcr Hunde<br \/>Dog Salmon Oil sorgt f\u00fcr geschmeidige Gelenke und unterst\u00fctzt das Immunsystem.<br \/>Dog Salmon Oil hat eine positive Wirkung auf das Herz.<br \/>Dog Salmon Oil regt den Appetit an.<\/p>\n<p>Feed material for dogs<br \/>Dog Salmon Oil provides flexible joints and supports the immune system.<br \/>Dog Salmon Oil has a positive influence on the heart.<br \/>Dog Salmon Oil stimulates the appetite.<\/p>\n<p>F\u00fctterungsempfehlung \/ Feed instruction:<br \/>< 10 kg: 5 ml \/ 10 - 25 kg: 10 ml \/ > 25 (- 50) kg: 15 ml (pro Tag \/ per day).<br \/>Oral oder durch das Futter und ist sehr lecker \/ Orally or through the feed and is very tasty.<\/p>\n<p>Zusammensetzung \/ Composition:<br \/>Lachs\u00f6l (von Natur aus reich an Omega-3-und Omega-6-Fetts\u00e4uren) \/ Salmon oil (naturally rich in omega-3 and omega-6 fatty acids).<\/p>\n<p>Analytische Bestandteile \/ Analytical constituents:<br \/>Rohfett \/ Crude fat: 99,9 %<br \/>Rohprotein \/ Crude protein: 0,10 %<br \/>Rohasche \/ Crude ash: 0,10 %<br \/>Rohfaser \/ Crude fibre: 0,10 %<br \/>Omega-3 \/ Omega-3 (18 % EPA \/ 25 % DHA): 15,1 %<br \/>Omega-6 \/ Omega-6: 13,2 %<br \/>N\u00e4hrwert \/ Nutritional value: 8.900 kcal\/kg<\/p>\n<p>Lagerung \/ Storage:<br \/>K\u00fchl und trocken < 30\u00b0C. Vor direkter Sonneneinstrahlung sch\u00fctzen. Verpackung schlie\u00dfen nach jedem Gebrauch \/ Cool and dry < 30\u00b0C. Out of direct sunlight. Close packaging after each use.<\/p>\n","protected":false},"excerpt":{"rendered":"<p>Pet-Star Lachs\u00f6l Einzelfuttermittel f\u00fcr HundeDog Salmon Oil sorgt f\u00fcr geschmeidige Gelenke und unterst\u00fctzt das Immunsystem.Dog Salmon Oil hat eine positive Wirkung auf das Herz.Dog Salmon Oil regt den Appetit an. Feed material for dogsDog Salmon Oil provides flexible joints and supports the immune system.Dog Salmon Oil has a positive influence on the heart.Dog Salmon Oil [&hellip;]<\/p>\n","protected":false},"featured_media":33794,"comment_status":"closed","ping_status":"open","template":"","meta":[],"product_cat":[13912],"product_tag":[],"class_list":{"0":"post-45229","1":"product","2":"type-product","3":"status-publish","4":"has-post-thumbnail","6":"product_cat-pet-star-futterergaenzung","8":"first","9":"instock","10":"taxable","11":"shipping-taxable","12":"purchasable","13":"product-type-simple"},"_links":{"self":[{"href":"https:\/\/all-pets.de\/shop\/wp-json\/wp\/v2\/product\/45229","targetHints":{"allow":["GET"]}}],"collection":[{"href":"https:\/\/all-pets.de\/shop\/wp-json\/wp\/v2\/product"}],"about":[{"href":"https:\/\/all-pets.de\/shop\/wp-json\/wp\/v2\/types\/product"}],"replies":[{"embeddable":true,"href":"https:\/\/all-pets.de\/shop\/wp-json\/wp\/v2\/comments?post=45229"}],"wp:featuredmedia":[{"embeddable":true,"href":"https:\/\/all-pets.de\/shop\/wp-json\/wp\/v2\/media\/33794"}],"wp:attachment":[{"href":"https:\/\/all-pets.de\/shop\/wp-json\/wp\/v2\/media?parent=45229"}],"wp:term":[{"taxonomy":"product_cat","embeddable":true,"href":"https:\/\/all-pets.de\/shop\/wp-json\/wp\/v2\/product_cat?post=45229"},{"taxonomy":"product_tag","embeddable":true,"href":"https:\/\/all-pets.de\/shop\/wp-json\/wp\/v2\/product_tag?post=45229"}],"curies":[{"name":"wp","href":"https:\/\/api.w.org\/{rel}","templated":true}]}}