{"id":45230,"date":"2023-12-12T10:47:53","date_gmt":"2023-12-12T09:47:53","guid":{"rendered":"https:\/\/pet-shopping.de\/shop\/produkt\/trixie-natural-living-futterbaum-duo\/"},"modified":"2023-12-12T10:47:55","modified_gmt":"2023-12-12T09:47:55","slug":"trixie-natural-living-futterbaum-duo","status":"publish","type":"product","link":"https:\/\/all-pets.de\/shop\/produkt\/trixie-natural-living-futterbaum-duo\/","title":{"rendered":"Trixie Natural Living Futterbaum Duo"},"content":{"rendered":"<ul>\n<li>Naturholz<\/li>\n<li>zum Best\u00fccken mit Gem\u00fcse, \u00c4sten etc.<\/li>\n<li>artgerechte Besch\u00e4ftigung und geistige Herausforderung<\/li>\n<li>kann auch f\u00fcr die t\u00e4gliche Futtergabe genutzt werden<\/li>\n<li>sch\u00fctzt Futter vor Kot und Urin<\/li>\n<li>f\u00fcr die Gestaltung einer tiergerechten Umwelt<\/li>\n<li>Ma\u00dfe: ca. 53 x 34 x 25 cm<\/li>\n<\/ul>\n<p class=\"infotext\">Info des Herstellers: Wir legen viel Wert auf die Gesundheit Ihres Tieres. Aus diesem Grund bestehen unsere Natural Living Artikel aus Nadelh\u00f6lzern ohne Harzkan\u00e4le. Harz ist giftig f\u00fcr Tiere. Die von uns genutzten H\u00f6lzer harzen nicht und werden zudem vor der Weiterverarbeitung ausgiebig getrocknet. Der von uns verwendete Leim ist ebenfalls ungiftig f\u00fcr Tiere und besteht aus einem Kautschuk- bzw. Zellulose-Gemisch.<\/p>\n","protected":false},"excerpt":{"rendered":"<p>Naturholz zum Best\u00fccken mit Gem\u00fcse, \u00c4sten etc. artgerechte Besch\u00e4ftigung und geistige Herausforderung kann auch f\u00fcr die t\u00e4gliche Futtergabe genutzt werden sch\u00fctzt Futter vor Kot und Urin f\u00fcr die Gestaltung einer tiergerechten Umwelt Ma\u00dfe: ca. 53 x 34 x 25 cm Info des Herstellers: Wir legen viel Wert auf die Gesundheit Ihres Tieres. Aus diesem Grund [&hellip;]<\/p>\n","protected":false},"featured_media":23037,"comment_status":"closed","ping_status":"open","template":"","meta":[],"product_cat":[13913],"product_tag":[],"class_list":{"0":"post-45230","1":"product","2":"type-product","3":"status-publish","4":"has-post-thumbnail","6":"product_cat-futterhalter-spender-ausstattung-zubehoer-spiel-sportkleintierwelt-ausstattung-zubehoer-kleintierwelt","8":"first","9":"instock","10":"taxable","11":"shipping-taxable","12":"purchasable","13":"product-type-simple"},"_links":{"self":[{"href":"https:\/\/all-pets.de\/shop\/wp-json\/wp\/v2\/product\/45230","targetHints":{"allow":["GET"]}}],"collection":[{"href":"https:\/\/all-pets.de\/shop\/wp-json\/wp\/v2\/product"}],"about":[{"href":"https:\/\/all-pets.de\/shop\/wp-json\/wp\/v2\/types\/product"}],"replies":[{"embeddable":true,"href":"https:\/\/all-pets.de\/shop\/wp-json\/wp\/v2\/comments?post=45230"}],"wp:featuredmedia":[{"embeddable":true,"href":"https:\/\/all-pets.de\/shop\/wp-json\/wp\/v2\/media\/23037"}],"wp:attachment":[{"href":"https:\/\/all-pets.de\/shop\/wp-json\/wp\/v2\/media?parent=45230"}],"wp:term":[{"taxonomy":"product_cat","embeddable":true,"href":"https:\/\/all-pets.de\/shop\/wp-json\/wp\/v2\/product_cat?post=45230"},{"taxonomy":"product_tag","embeddable":true,"href":"https:\/\/all-pets.de\/shop\/wp-json\/wp\/v2\/product_tag?post=45230"}],"curies":[{"name":"wp","href":"https:\/\/api.w.org\/{rel}","templated":true}]}}