{"id":45233,"date":"2023-12-12T10:47:53","date_gmt":"2023-12-12T09:47:53","guid":{"rendered":"https:\/\/pet-shopping.de\/shop\/produkt\/trixie-tragetasche-joe\/"},"modified":"2023-12-12T10:47:55","modified_gmt":"2023-12-12T09:47:55","slug":"trixie-tragetasche-joe","status":"publish","type":"product","link":"https:\/\/all-pets.de\/shop\/produkt\/trixie-tragetasche-joe\/","title":{"rendered":"Trixie Tragetasche Joe"},"content":{"rendered":"<ul>\n<li>besonders formstabil<\/li>\n<li>seitlich sowie von vorne und oben zu \u00f6ffnen<\/li>\n<li>abnehmbarer Schulterriemen<\/li>\n<li>mit integrierter Kurzleine<\/li>\n<li>gepolsterte Bodenplatte in Lammfell-Optik (Polyester), herausnehmbar<\/li>\n<li>geeignet f\u00fcr Tiere bis zu 10kg K\u00f6rpergewicht<\/li>\n<li>Polyester<\/li>\n<li>Farbe: braun<\/li>\n<li>Ma\u00dfe: ca. 28 x 28 x 47 cm<\/li>\n<\/ul>\n","protected":false},"excerpt":{"rendered":"<p>besonders formstabil seitlich sowie von vorne und oben zu \u00f6ffnen abnehmbarer Schulterriemen mit integrierter Kurzleine gepolsterte Bodenplatte in Lammfell-Optik (Polyester), herausnehmbar geeignet f\u00fcr Tiere bis zu 10kg K\u00f6rpergewicht Polyester Farbe: braun Ma\u00dfe: ca. 28 x 28 x 47 cm<\/p>\n","protected":false},"featured_media":35983,"comment_status":"closed","ping_status":"open","template":"","meta":[],"product_cat":[13914],"product_tag":[],"class_list":{"0":"post-45233","1":"product","2":"type-product","3":"status-publish","4":"has-post-thumbnail","6":"product_cat-katzentragetaschen","8":"first","9":"instock","10":"taxable","11":"shipping-taxable","12":"purchasable","13":"product-type-simple"},"_links":{"self":[{"href":"https:\/\/all-pets.de\/shop\/wp-json\/wp\/v2\/product\/45233","targetHints":{"allow":["GET"]}}],"collection":[{"href":"https:\/\/all-pets.de\/shop\/wp-json\/wp\/v2\/product"}],"about":[{"href":"https:\/\/all-pets.de\/shop\/wp-json\/wp\/v2\/types\/product"}],"replies":[{"embeddable":true,"href":"https:\/\/all-pets.de\/shop\/wp-json\/wp\/v2\/comments?post=45233"}],"wp:featuredmedia":[{"embeddable":true,"href":"https:\/\/all-pets.de\/shop\/wp-json\/wp\/v2\/media\/35983"}],"wp:attachment":[{"href":"https:\/\/all-pets.de\/shop\/wp-json\/wp\/v2\/media?parent=45233"}],"wp:term":[{"taxonomy":"product_cat","embeddable":true,"href":"https:\/\/all-pets.de\/shop\/wp-json\/wp\/v2\/product_cat?post=45233"},{"taxonomy":"product_tag","embeddable":true,"href":"https:\/\/all-pets.de\/shop\/wp-json\/wp\/v2\/product_tag?post=45233"}],"curies":[{"name":"wp","href":"https:\/\/api.w.org\/{rel}","templated":true}]}}