{"id":45241,"date":"2023-12-12T10:47:57","date_gmt":"2023-12-12T09:47:57","guid":{"rendered":"https:\/\/pet-shopping.de\/shop\/produkt\/trixie-be-eco-pinguin-erin-geraeuschlos\/"},"modified":"2023-12-12T10:47:58","modified_gmt":"2023-12-12T09:47:58","slug":"trixie-be-eco-pinguin-erin-geraeuschlos","status":"publish","type":"product","link":"https:\/\/all-pets.de\/shop\/produkt\/trixie-be-eco-pinguin-erin-geraeuschlos\/","title":{"rendered":"Trixie Be Eco Pinguin Erin &#8211; ger\u00e4uschlos"},"content":{"rendered":"<div class=\"mb-3 row\">\n<div class=\"col\">\n<ul>\n<li>\n<ul>\n<ul>\n<li>nachhaltig durch recyceltes Material<\/li>\n<li>Pl\u00fcsch (Polyester)<\/li>\n<li>ger\u00e4uschlos<\/li>\n<li>Gr\u00f6\u00dfe: ca. 28 cm<\/li>\n<\/ul>\n<\/ul>\n<\/li>\n<\/ul>\n<\/div>\n<\/div>\n","protected":false},"excerpt":{"rendered":"<p>nachhaltig durch recyceltes Material Pl\u00fcsch (Polyester) ger\u00e4uschlos Gr\u00f6\u00dfe: ca. 28 cm<\/p>\n","protected":false},"featured_media":45242,"comment_status":"closed","ping_status":"open","template":"","meta":[],"product_cat":[13840],"product_tag":[],"class_list":{"0":"post-45241","1":"product","2":"type-product","3":"status-publish","4":"has-post-thumbnail","6":"product_cat-plueschspielzeug-hundespielzeug-sport-nachhaltiges-hundespielzeughundewelt","8":"first","9":"instock","10":"taxable","11":"shipping-taxable","12":"purchasable","13":"product-type-simple"},"_links":{"self":[{"href":"https:\/\/all-pets.de\/shop\/wp-json\/wp\/v2\/product\/45241","targetHints":{"allow":["GET"]}}],"collection":[{"href":"https:\/\/all-pets.de\/shop\/wp-json\/wp\/v2\/product"}],"about":[{"href":"https:\/\/all-pets.de\/shop\/wp-json\/wp\/v2\/types\/product"}],"replies":[{"embeddable":true,"href":"https:\/\/all-pets.de\/shop\/wp-json\/wp\/v2\/comments?post=45241"}],"wp:featuredmedia":[{"embeddable":true,"href":"https:\/\/all-pets.de\/shop\/wp-json\/wp\/v2\/media\/45242"}],"wp:attachment":[{"href":"https:\/\/all-pets.de\/shop\/wp-json\/wp\/v2\/media?parent=45241"}],"wp:term":[{"taxonomy":"product_cat","embeddable":true,"href":"https:\/\/all-pets.de\/shop\/wp-json\/wp\/v2\/product_cat?post=45241"},{"taxonomy":"product_tag","embeddable":true,"href":"https:\/\/all-pets.de\/shop\/wp-json\/wp\/v2\/product_tag?post=45241"}],"curies":[{"name":"wp","href":"https:\/\/api.w.org\/{rel}","templated":true}]}}