{"id":45244,"date":"2023-12-12T10:47:57","date_gmt":"2023-12-12T09:47:57","guid":{"rendered":"https:\/\/pet-shopping.de\/shop\/produkt\/trixie-pylonen-hindernis-2er-set-o-30-x-50-cm-100-cm\/"},"modified":"2023-12-12T10:47:58","modified_gmt":"2023-12-12T09:47:58","slug":"trixie-pylonen-hindernis-2er-set-o-30-x-50-cm-100-cm","status":"publish","type":"product","link":"https:\/\/all-pets.de\/shop\/produkt\/trixie-pylonen-hindernis-2er-set-o-30-x-50-cm-100-cm\/","title":{"rendered":"Trixie Pylonen-Hindernis 2er Set &#8211; \u00f8 30 \u00d7 50 cm\/100 cm"},"content":{"rendered":"<div class=\"mb-3 row\">\n<div class=\"col\">\n<ul>\n<li>\n<ul>\n<ul>\n<li>zur Steigerung von Konzentration, K\u00f6rpergef\u00fchl und Koordination<\/li>\n<li>auch f\u00fcr (physio-)therapeutische Anwendungen geeignet<\/li>\n<li>diverse Steckm\u00f6glichkeiten f\u00fcr Hindernis- oder Slalomaufbauten<\/li>\n<li>durch variable H\u00f6heneinstellung f\u00fcr Hunde jeden Alters und jeder Gr\u00f6\u00dfe geeignet<\/li>\n<li>Kunststoff<\/li>\n<li>Farbe: orange\/gelb<\/li>\n<li>inkl. Trainingsanleitung<\/li>\n<li>Inhalt: 4\u00a0Pylonen\/2\u00a0Stangen<\/li>\n<li>Ma\u00dfe: ca. \u00f8 30 \u00d7 50 cm\/100 cm<\/li>\n<\/ul>\n<\/ul>\n<\/li>\n<\/ul>\n<\/div>\n<\/div>\n","protected":false},"excerpt":{"rendered":"<p>zur Steigerung von Konzentration, K\u00f6rpergef\u00fchl und Koordination auch f\u00fcr (physio-)therapeutische Anwendungen geeignet diverse Steckm\u00f6glichkeiten f\u00fcr Hindernis- oder Slalomaufbauten durch variable H\u00f6heneinstellung f\u00fcr Hunde jeden Alters und jeder Gr\u00f6\u00dfe geeignet Kunststoff Farbe: orange\/gelb inkl. Trainingsanleitung Inhalt: 4\u00a0Pylonen\/2\u00a0Stangen Ma\u00dfe: ca. \u00f8 30 \u00d7 50 cm\/100 cm<\/p>\n","protected":false},"featured_media":45245,"comment_status":"closed","ping_status":"open","template":"","meta":[],"product_cat":[13836],"product_tag":[],"class_list":{"0":"post-45244","1":"product","2":"type-product","3":"status-publish","4":"has-post-thumbnail","6":"product_cat-agility-training-hundespielzeug-sport","8":"first","9":"instock","10":"taxable","11":"shipping-taxable","12":"purchasable","13":"product-type-simple"},"_links":{"self":[{"href":"https:\/\/all-pets.de\/shop\/wp-json\/wp\/v2\/product\/45244","targetHints":{"allow":["GET"]}}],"collection":[{"href":"https:\/\/all-pets.de\/shop\/wp-json\/wp\/v2\/product"}],"about":[{"href":"https:\/\/all-pets.de\/shop\/wp-json\/wp\/v2\/types\/product"}],"replies":[{"embeddable":true,"href":"https:\/\/all-pets.de\/shop\/wp-json\/wp\/v2\/comments?post=45244"}],"wp:featuredmedia":[{"embeddable":true,"href":"https:\/\/all-pets.de\/shop\/wp-json\/wp\/v2\/media\/45245"}],"wp:attachment":[{"href":"https:\/\/all-pets.de\/shop\/wp-json\/wp\/v2\/media?parent=45244"}],"wp:term":[{"taxonomy":"product_cat","embeddable":true,"href":"https:\/\/all-pets.de\/shop\/wp-json\/wp\/v2\/product_cat?post=45244"},{"taxonomy":"product_tag","embeddable":true,"href":"https:\/\/all-pets.de\/shop\/wp-json\/wp\/v2\/product_tag?post=45244"}],"curies":[{"name":"wp","href":"https:\/\/api.w.org\/{rel}","templated":true}]}}