{"id":45248,"date":"2023-12-12T10:47:57","date_gmt":"2023-12-12T09:47:57","guid":{"rendered":"https:\/\/pet-shopping.de\/shop\/produkt\/trixie-wiggle-fumble-katzenspiel\/"},"modified":"2023-12-12T10:47:59","modified_gmt":"2023-12-12T09:47:59","slug":"trixie-wiggle-fumble-katzenspiel","status":"publish","type":"product","link":"https:\/\/all-pets.de\/shop\/produkt\/trixie-wiggle-fumble-katzenspiel\/","title":{"rendered":"Trixie Wiggle &#038; Fumble Katzenspiel"},"content":{"rendered":"<div class=\"mb-3 row\">\n<div class=\"col\">\n<ul>\n<li>\n<ul>\n<ul>\n<li>Rasselball im Inneren<\/li>\n<li>mit weiteren Spielzeugen bef\u00fcllbar<\/li>\n<li>Filz (Polyester)<\/li>\n<li>Gr\u00f6\u00dfe: ca. 23 cm<\/li>\n<\/ul>\n<\/ul>\n<\/li>\n<\/ul>\n<\/div>\n<\/div>\n","protected":false},"excerpt":{"rendered":"<p>Rasselball im Inneren mit weiteren Spielzeugen bef\u00fcllbar Filz (Polyester) Gr\u00f6\u00dfe: ca. 23 cm<\/p>\n","protected":false},"featured_media":45249,"comment_status":"closed","ping_status":"open","template":"","meta":[],"product_cat":[13772],"product_tag":[],"class_list":{"0":"post-45248","1":"product","2":"type-product","3":"status-publish","4":"has-post-thumbnail","6":"product_cat-weitere-spielzeuge-katzenspielzeug","8":"first","9":"instock","10":"taxable","11":"shipping-taxable","12":"purchasable","13":"product-type-simple"},"_links":{"self":[{"href":"https:\/\/all-pets.de\/shop\/wp-json\/wp\/v2\/product\/45248","targetHints":{"allow":["GET"]}}],"collection":[{"href":"https:\/\/all-pets.de\/shop\/wp-json\/wp\/v2\/product"}],"about":[{"href":"https:\/\/all-pets.de\/shop\/wp-json\/wp\/v2\/types\/product"}],"replies":[{"embeddable":true,"href":"https:\/\/all-pets.de\/shop\/wp-json\/wp\/v2\/comments?post=45248"}],"wp:featuredmedia":[{"embeddable":true,"href":"https:\/\/all-pets.de\/shop\/wp-json\/wp\/v2\/media\/45249"}],"wp:attachment":[{"href":"https:\/\/all-pets.de\/shop\/wp-json\/wp\/v2\/media?parent=45248"}],"wp:term":[{"taxonomy":"product_cat","embeddable":true,"href":"https:\/\/all-pets.de\/shop\/wp-json\/wp\/v2\/product_cat?post=45248"},{"taxonomy":"product_tag","embeddable":true,"href":"https:\/\/all-pets.de\/shop\/wp-json\/wp\/v2\/product_tag?post=45248"}],"curies":[{"name":"wp","href":"https:\/\/api.w.org\/{rel}","templated":true}]}}