{"id":45281,"date":"2023-12-12T10:47:57","date_gmt":"2023-12-12T09:47:57","guid":{"rendered":"https:\/\/pet-shopping.de\/shop\/produkt\/trixie-schaukel-aus-seegras-und-holz\/"},"modified":"2023-12-12T10:48:05","modified_gmt":"2023-12-12T09:48:05","slug":"trixie-schaukel-aus-seegras-und-holz","status":"publish","type":"product","link":"https:\/\/all-pets.de\/shop\/produkt\/trixie-schaukel-aus-seegras-und-holz\/","title":{"rendered":"Trixie Schaukel aus Seegras und Holz"},"content":{"rendered":"<div class=\"mb-3 row\">\n<div class=\"col\">\n<ul>\n<li>\n<ul>\n<ul>\n<li>Seegras und Holz<\/li>\n<li>entwickelt in Zusammenarbeit mit dem Weltvogelpark Walsrode<\/li>\n<li>auch f\u00fcr Kleinnager geeignet<\/li>\n<li>Ma\u00dfe: ca. 19 \u00d7 19 cm<\/li>\n<li>geeignet f\u00fcr z.B. M\u00e4use, Kanarien, Wellensittiche<\/li>\n<\/ul>\n<\/ul>\n<\/li>\n<\/ul>\n<\/div>\n<\/div>\n","protected":false},"excerpt":{"rendered":"<p>Seegras und Holz entwickelt in Zusammenarbeit mit dem Weltvogelpark Walsrode auch f\u00fcr Kleinnager geeignet Ma\u00dfe: ca. 19 \u00d7 19 cm geeignet f\u00fcr z.B. M\u00e4use, Kanarien, Wellensittiche<\/p>\n","protected":false},"featured_media":45282,"comment_status":"closed","ping_status":"open","template":"","meta":[],"product_cat":[13934],"product_tag":[],"class_list":{"0":"post-45281","1":"product","2":"type-product","3":"status-publish","4":"has-post-thumbnail","6":"product_cat-betten-haengematten-ausstattung-zubehoer-spiel-sportkleintierwelt-ausstattung-zubehoer-spielzeugkleintierwelt-ausstattung-zubehoer-vogelschaukelnvogelwelt-ausstattung-zubehoer-vogelwelt","8":"first","9":"instock","10":"taxable","11":"shipping-taxable","12":"purchasable","13":"product-type-simple"},"_links":{"self":[{"href":"https:\/\/all-pets.de\/shop\/wp-json\/wp\/v2\/product\/45281","targetHints":{"allow":["GET"]}}],"collection":[{"href":"https:\/\/all-pets.de\/shop\/wp-json\/wp\/v2\/product"}],"about":[{"href":"https:\/\/all-pets.de\/shop\/wp-json\/wp\/v2\/types\/product"}],"replies":[{"embeddable":true,"href":"https:\/\/all-pets.de\/shop\/wp-json\/wp\/v2\/comments?post=45281"}],"wp:featuredmedia":[{"embeddable":true,"href":"https:\/\/all-pets.de\/shop\/wp-json\/wp\/v2\/media\/45282"}],"wp:attachment":[{"href":"https:\/\/all-pets.de\/shop\/wp-json\/wp\/v2\/media?parent=45281"}],"wp:term":[{"taxonomy":"product_cat","embeddable":true,"href":"https:\/\/all-pets.de\/shop\/wp-json\/wp\/v2\/product_cat?post=45281"},{"taxonomy":"product_tag","embeddable":true,"href":"https:\/\/all-pets.de\/shop\/wp-json\/wp\/v2\/product_tag?post=45281"}],"curies":[{"name":"wp","href":"https:\/\/api.w.org\/{rel}","templated":true}]}}