{"id":45303,"date":"2023-12-12T10:47:57","date_gmt":"2023-12-12T09:47:57","guid":{"rendered":"https:\/\/pet-shopping.de\/shop\/produkt\/trixie-naturspielzeug-mit-mahagonischote\/"},"modified":"2023-12-12T10:48:09","modified_gmt":"2023-12-12T09:48:09","slug":"trixie-naturspielzeug-mit-mahagonischote","status":"publish","type":"product","link":"https:\/\/all-pets.de\/shop\/produkt\/trixie-naturspielzeug-mit-mahagonischote\/","title":{"rendered":"Trixie Naturspielzeug mit Mahagonischote"},"content":{"rendered":"<div class=\"mb-3 row\">\n<div class=\"col\">\n<ul>\n<li>\n<ul>\n<ul>\n<li>Mahagonischote, Muscheln, Bambus und Maiskolben<\/li>\n<li>entwickelt in Zusammenarbeit mit dem Weltvogelpark Walsrode<\/li>\n<li>Gr\u00f6\u00dfe: ca. 26 cm<\/li>\n<li>geeignet f\u00fcr z.B. Gro\u00dfsittiche, Wellensittiche<\/li>\n<\/ul>\n<\/ul>\n<\/li>\n<\/ul>\n<\/div>\n<\/div>\n","protected":false},"excerpt":{"rendered":"<p>Mahagonischote, Muscheln, Bambus und Maiskolben entwickelt in Zusammenarbeit mit dem Weltvogelpark Walsrode Gr\u00f6\u00dfe: ca. 26 cm geeignet f\u00fcr z.B. Gro\u00dfsittiche, Wellensittiche<\/p>\n","protected":false},"featured_media":45304,"comment_status":"closed","ping_status":"open","template":"","meta":[],"product_cat":[13692],"product_tag":[],"class_list":{"0":"post-45303","1":"product","2":"type-product","3":"status-publish","4":"has-post-thumbnail","6":"product_cat-spielzeug","8":"first","9":"instock","10":"taxable","11":"shipping-taxable","12":"purchasable","13":"product-type-simple"},"_links":{"self":[{"href":"https:\/\/all-pets.de\/shop\/wp-json\/wp\/v2\/product\/45303","targetHints":{"allow":["GET"]}}],"collection":[{"href":"https:\/\/all-pets.de\/shop\/wp-json\/wp\/v2\/product"}],"about":[{"href":"https:\/\/all-pets.de\/shop\/wp-json\/wp\/v2\/types\/product"}],"replies":[{"embeddable":true,"href":"https:\/\/all-pets.de\/shop\/wp-json\/wp\/v2\/comments?post=45303"}],"wp:featuredmedia":[{"embeddable":true,"href":"https:\/\/all-pets.de\/shop\/wp-json\/wp\/v2\/media\/45304"}],"wp:attachment":[{"href":"https:\/\/all-pets.de\/shop\/wp-json\/wp\/v2\/media?parent=45303"}],"wp:term":[{"taxonomy":"product_cat","embeddable":true,"href":"https:\/\/all-pets.de\/shop\/wp-json\/wp\/v2\/product_cat?post=45303"},{"taxonomy":"product_tag","embeddable":true,"href":"https:\/\/all-pets.de\/shop\/wp-json\/wp\/v2\/product_tag?post=45303"}],"curies":[{"name":"wp","href":"https:\/\/api.w.org\/{rel}","templated":true}]}}