{"id":45315,"date":"2023-12-12T10:48:12","date_gmt":"2023-12-12T09:48:12","guid":{"rendered":"https:\/\/pet-shopping.de\/shop\/produkt\/wolfsblut-dose-wild-duck-turkey-puppy-395g\/"},"modified":"2023-12-12T10:48:13","modified_gmt":"2023-12-12T09:48:13","slug":"wolfsblut-dose-wild-duck-turkey-puppy-395g","status":"publish","type":"product","link":"https:\/\/all-pets.de\/shop\/produkt\/wolfsblut-dose-wild-duck-turkey-puppy-395g\/","title":{"rendered":"Wolfsblut Dose Wild Duck &#038; Turkey Puppy 395g"},"content":{"rendered":"<p>Wild Duck &#038; Turkey Puppy<\/p>\n<p>Das Nassfutter mit Truthahn &#038; Ente von Wolfsblut besticht durch einzelnen Futterbestandteile von WILD DUCK &#038; TURKEY, die mit Tier\u00e4rzten zusammengestellt wurden. Passend zum nat\u00fcrlichen Beuteschema des Wolfs und den Erkenntnissen zu ganzheitlicher Hundeern\u00e4hrung, zusammengestellt. Das Nassfutter von Wolfsblut ist damit einzigartig.<\/p>\n<p>Das Nassfutter von Wolfsblut im \u00dcberblick:<\/p>\n<p>\u00a0\u00a0\u00a0\u00a0\u00a0\u00a0\u00a0 Welpenern\u00e4hrung nach dem Vorbild des Wolfes<br \/>\u00a0\u00a0\u00a0\u00a0\u00a0\u00a0\u00a0 Rezeptur mit nat\u00fcrlichen Inhaltsstoffen<br \/>\u00a0\u00a0\u00a0\u00a0\u00a0\u00a0\u00a0 Frischer und gut bek\u00f6mmlicher Truthahn und Ente als Hauptbestandteil<br \/>\u00a0\u00a0\u00a0\u00a0\u00a0\u00a0\u00a0 Ohne Getreide, da es im nat\u00fcrlichen Beuteschema des Urahns des Hundes nicht vorkommt und zudem zu den h\u00e4ufigsten Allergieausl\u00f6sern bei Hunden z\u00e4hlt<br \/>\u00a0\u00a0\u00a0\u00a0\u00a0\u00a0\u00a0 Mit wertvollen Superfoods wie \u00c4pfel, M\u00f6hren, Sanddorn, Holunderbeeren sowie L\u00f6wenzahn, Topinambur und Ginseng mit wertvollen Inhaltsstoffen<br \/>\u00a0\u00a0\u00a0\u00a0\u00a0\u00a0\u00a0 Gem\u00e4\u00df Lebensmittelstandard produziert<br \/>\u00a0\u00a0\u00a0\u00a0\u00a0\u00a0\u00a0 Ohne Zucker, Soja, Geschmacksverst\u00e4rkern &#038; k\u00fcnstlichen Zus\u00e4tzen (ausgenommen Vitamine &#038; Mineralstoffe)<br \/>\u00a0\u00a0\u00a0\u00a0\u00a0\u00a0\u00a0 Ein Geschmacksklassiker, der sehr gern gefressen wird<br \/>\u00a0\u00a0\u00a0\u00a0\u00a0\u00a0\u00a0 Mit Tier\u00e4rzten entwickelt<br \/>\u00a0\u00a0\u00a0\u00a0\u00a0\u00a0\u00a0 Ohne Tierversuche<\/p>\n<p>Inhaltsstoffe<br \/>Zusammensetzung<\/p>\n<p>Truthahn 41 %, Br\u00fche, Ente 24 %, K\u00fcrbis 2 %, S\u00fc\u00dfkartoffeln, M\u00f6hren, Topinambur, Mineralstoffe, Fruchtmischung (Brombeeren, Himbeeren, Holunderbeeren, Schwarze Johannisbeeren, Heidelbeeren, Cranberries), Leinsamen, Yucca Extrakt, Fenchel, Kr\u00e4utermischung (Anissamen, Bockshornklee, Pfefferminze, Petersilie, Oregano, Thymian, Brennnessel, L\u00f6wenzahn, Wei\u00dfdorn, Ginseng), Gr\u00fcnlippmuschel, Seegras.<br \/>Analytische Bestandteile<\/p>\n<p>Rohprotein 10 %, Rohfett 5,9 %, Rohasche 2,5 %, Rohfaser 0,5 %, Feuchtigkeit 79 %.<\/p>\n","protected":false},"excerpt":{"rendered":"<p>Wild Duck &#038; Turkey Puppy Das Nassfutter mit Truthahn &#038; Ente von Wolfsblut besticht durch einzelnen Futterbestandteile von WILD DUCK &#038; TURKEY, die mit Tier\u00e4rzten zusammengestellt wurden. Passend zum nat\u00fcrlichen Beuteschema des Wolfs und den Erkenntnissen zu ganzheitlicher Hundeern\u00e4hrung, zusammengestellt. Das Nassfutter von Wolfsblut ist damit einzigartig. Das Nassfutter von Wolfsblut im \u00dcberblick: \u00a0\u00a0\u00a0\u00a0\u00a0\u00a0\u00a0 Welpenern\u00e4hrung [&hellip;]<\/p>\n","protected":false},"featured_media":45316,"comment_status":"closed","ping_status":"open","template":"","meta":[],"product_cat":[13837],"product_tag":[],"class_list":{"0":"post-45315","1":"product","2":"type-product","3":"status-publish","4":"has-post-thumbnail","6":"product_cat-wolfsblut","8":"first","9":"instock","10":"taxable","11":"shipping-taxable","12":"purchasable","13":"product-type-simple"},"_links":{"self":[{"href":"https:\/\/all-pets.de\/shop\/wp-json\/wp\/v2\/product\/45315","targetHints":{"allow":["GET"]}}],"collection":[{"href":"https:\/\/all-pets.de\/shop\/wp-json\/wp\/v2\/product"}],"about":[{"href":"https:\/\/all-pets.de\/shop\/wp-json\/wp\/v2\/types\/product"}],"replies":[{"embeddable":true,"href":"https:\/\/all-pets.de\/shop\/wp-json\/wp\/v2\/comments?post=45315"}],"wp:featuredmedia":[{"embeddable":true,"href":"https:\/\/all-pets.de\/shop\/wp-json\/wp\/v2\/media\/45316"}],"wp:attachment":[{"href":"https:\/\/all-pets.de\/shop\/wp-json\/wp\/v2\/media?parent=45315"}],"wp:term":[{"taxonomy":"product_cat","embeddable":true,"href":"https:\/\/all-pets.de\/shop\/wp-json\/wp\/v2\/product_cat?post=45315"},{"taxonomy":"product_tag","embeddable":true,"href":"https:\/\/all-pets.de\/shop\/wp-json\/wp\/v2\/product_tag?post=45315"}],"curies":[{"name":"wp","href":"https:\/\/api.w.org\/{rel}","templated":true}]}}