{"id":45317,"date":"2023-12-12T10:48:12","date_gmt":"2023-12-12T09:48:12","guid":{"rendered":"https:\/\/pet-shopping.de\/shop\/produkt\/trixie-spieltunnel-xxl\/"},"modified":"2023-12-12T10:48:13","modified_gmt":"2023-12-12T09:48:13","slug":"trixie-spieltunnel-xxl","status":"publish","type":"product","link":"https:\/\/all-pets.de\/shop\/produkt\/trixie-spieltunnel-xxl\/","title":{"rendered":"Trixie Spieltunnel XXL"},"content":{"rendered":"<ul>\n<li>besonders f\u00fcr gro\u00dfe Katzen geeignet<\/li>\n<li>Pl\u00fcsch\/M\u00f6belstoff (Polyester)<\/li>\n<li>eingen\u00e4hte Raschelfolie<\/li>\n<li>mit 3 Eing\u00e4ngen<\/li>\n<li>Ma\u00dfe: ca. \u00f8 35 \u00d7 115 cm<\/li>\n<li>Farbe: beige\/fuchsia<\/li>\n<\/ul>\n","protected":false},"excerpt":{"rendered":"<p>besonders f\u00fcr gro\u00dfe Katzen geeignet Pl\u00fcsch\/M\u00f6belstoff (Polyester) eingen\u00e4hte Raschelfolie mit 3 Eing\u00e4ngen Ma\u00dfe: ca. \u00f8 35 \u00d7 115 cm Farbe: beige\/fuchsia<\/p>\n","protected":false},"featured_media":45318,"comment_status":"closed","ping_status":"open","template":"","meta":[],"product_cat":[13802],"product_tag":[],"class_list":{"0":"post-45317","1":"product","2":"type-product","3":"status-publish","4":"has-post-thumbnail","6":"product_cat-katzentunnel-raschelsaecke","8":"first","9":"instock","10":"taxable","11":"shipping-taxable","12":"purchasable","13":"product-type-simple"},"_links":{"self":[{"href":"https:\/\/all-pets.de\/shop\/wp-json\/wp\/v2\/product\/45317","targetHints":{"allow":["GET"]}}],"collection":[{"href":"https:\/\/all-pets.de\/shop\/wp-json\/wp\/v2\/product"}],"about":[{"href":"https:\/\/all-pets.de\/shop\/wp-json\/wp\/v2\/types\/product"}],"replies":[{"embeddable":true,"href":"https:\/\/all-pets.de\/shop\/wp-json\/wp\/v2\/comments?post=45317"}],"wp:featuredmedia":[{"embeddable":true,"href":"https:\/\/all-pets.de\/shop\/wp-json\/wp\/v2\/media\/45318"}],"wp:attachment":[{"href":"https:\/\/all-pets.de\/shop\/wp-json\/wp\/v2\/media?parent=45317"}],"wp:term":[{"taxonomy":"product_cat","embeddable":true,"href":"https:\/\/all-pets.de\/shop\/wp-json\/wp\/v2\/product_cat?post=45317"},{"taxonomy":"product_tag","embeddable":true,"href":"https:\/\/all-pets.de\/shop\/wp-json\/wp\/v2\/product_tag?post=45317"}],"curies":[{"name":"wp","href":"https:\/\/api.w.org\/{rel}","templated":true}]}}