{"id":45328,"date":"2023-12-12T10:48:12","date_gmt":"2023-12-12T09:48:12","guid":{"rendered":"https:\/\/pet-shopping.de\/shop\/produkt\/trixie-katze-xxl-mit-fransen\/"},"modified":"2023-12-12T10:48:15","modified_gmt":"2023-12-12T09:48:15","slug":"trixie-katze-xxl-mit-fransen","status":"publish","type":"product","link":"https:\/\/all-pets.de\/shop\/produkt\/trixie-katze-xxl-mit-fransen\/","title":{"rendered":"Trixie Katze XXL mit Fransen"},"content":{"rendered":"<ul>\n<li>Besonders f\u00fcr gro\u00dfe Katzen geeignet<\/li>\n<li>Stoff (Polyester)<\/li>\n<li>mit Catnip<\/li>\n<li>Gr\u00f6\u00dfe: ca. 15 cm<\/li>\n<li>Diverse Farben. Eine Farbwahl ist leider nicht m\u00f6glich, da die Farbe je nach Lagerbestand gew\u00e4hlt wird.<\/li>\n<\/ul>\n","protected":false},"excerpt":{"rendered":"<p>Besonders f\u00fcr gro\u00dfe Katzen geeignet Stoff (Polyester) mit Catnip Gr\u00f6\u00dfe: ca. 15 cm Diverse Farben. Eine Farbwahl ist leider nicht m\u00f6glich, da die Farbe je nach Lagerbestand gew\u00e4hlt wird.<\/p>\n","protected":false},"featured_media":45329,"comment_status":"closed","ping_status":"open","template":"","meta":[],"product_cat":[13744],"product_tag":[],"class_list":{"0":"post-45328","1":"product","2":"type-product","3":"status-publish","4":"has-post-thumbnail","6":"product_cat-weitere-spielzeuge","8":"first","9":"instock","10":"taxable","11":"shipping-taxable","12":"purchasable","13":"product-type-simple"},"_links":{"self":[{"href":"https:\/\/all-pets.de\/shop\/wp-json\/wp\/v2\/product\/45328","targetHints":{"allow":["GET"]}}],"collection":[{"href":"https:\/\/all-pets.de\/shop\/wp-json\/wp\/v2\/product"}],"about":[{"href":"https:\/\/all-pets.de\/shop\/wp-json\/wp\/v2\/types\/product"}],"replies":[{"embeddable":true,"href":"https:\/\/all-pets.de\/shop\/wp-json\/wp\/v2\/comments?post=45328"}],"wp:featuredmedia":[{"embeddable":true,"href":"https:\/\/all-pets.de\/shop\/wp-json\/wp\/v2\/media\/45329"}],"wp:attachment":[{"href":"https:\/\/all-pets.de\/shop\/wp-json\/wp\/v2\/media?parent=45328"}],"wp:term":[{"taxonomy":"product_cat","embeddable":true,"href":"https:\/\/all-pets.de\/shop\/wp-json\/wp\/v2\/product_cat?post=45328"},{"taxonomy":"product_tag","embeddable":true,"href":"https:\/\/all-pets.de\/shop\/wp-json\/wp\/v2\/product_tag?post=45328"}],"curies":[{"name":"wp","href":"https:\/\/api.w.org\/{rel}","templated":true}]}}