{"id":45335,"date":"2023-12-12T10:48:12","date_gmt":"2023-12-12T09:48:12","guid":{"rendered":"https:\/\/pet-shopping.de\/shop\/produkt\/karlie-flamingo-car-guard-cabin-autoruecksitzdecke\/"},"modified":"2023-12-12T10:48:16","modified_gmt":"2023-12-12T09:48:16","slug":"karlie-flamingo-car-guard-cabin-autoruecksitzdecke","status":"publish","type":"product","link":"https:\/\/all-pets.de\/shop\/produkt\/karlie-flamingo-car-guard-cabin-autoruecksitzdecke\/","title":{"rendered":"Karlie Flamingo Car Guard Cabin Autor\u00fccksitzdecke"},"content":{"rendered":"<p>Diese spezielle Schondecke f\u00fcr die Autor\u00fcckbank sch\u00fctzt teure Autopolster und -bez\u00fcge vor hartn\u00e4ckigen Tierhaaren, Schmutz und Dreck. Sie l\u00e4sst sich schnell und einfach an den Kopfst\u00fctzen anbringen. Mit Hilfe von Rei\u00dfverschl\u00fcssen k\u00f6nnen zus\u00e4tzlich zwei Seitenschutzteile eingesetzt werden, so dass durch diese Wannenform auch die T\u00fcrinnenverkleidungen gesch\u00fctzt sind. Die Decke ist durch einen Rei\u00dfverschluss teilbar, so dass man auch nur die H\u00e4lte der Sitzbank bedecken kann und die andere H\u00e4lfte normal genutzt werden kann. Eine Gurtschlossdurchf\u00fchrung l\u00e4sst ein einfaches Anschnallen von Mensch und Hund zu. Das Nylonmaterial der Decke ist stabil, Wasser abweisend und abwaschbar.<\/p>\n<p>Ma\u00dfe: 135 x 148 cm (LxB)<br \/> Farbe: Schwarz<\/p>\n","protected":false},"excerpt":{"rendered":"<p>Diese spezielle Schondecke f\u00fcr die Autor\u00fcckbank sch\u00fctzt teure Autopolster und -bez\u00fcge vor hartn\u00e4ckigen Tierhaaren, Schmutz und Dreck. Sie l\u00e4sst sich schnell und einfach an den Kopfst\u00fctzen anbringen. Mit Hilfe von Rei\u00dfverschl\u00fcssen k\u00f6nnen zus\u00e4tzlich zwei Seitenschutzteile eingesetzt werden, so dass durch diese Wannenform auch die T\u00fcrinnenverkleidungen gesch\u00fctzt sind. Die Decke ist durch einen Rei\u00dfverschluss teilbar, so [&hellip;]<\/p>\n","protected":false},"featured_media":8900,"comment_status":"closed","ping_status":"open","template":"","meta":[],"product_cat":[13691],"product_tag":[],"class_list":{"0":"post-45335","1":"product","2":"type-product","3":"status-publish","4":"has-post-thumbnail","6":"product_cat-autozubehoer","8":"first","9":"instock","10":"taxable","11":"shipping-taxable","12":"purchasable","13":"product-type-simple"},"_links":{"self":[{"href":"https:\/\/all-pets.de\/shop\/wp-json\/wp\/v2\/product\/45335","targetHints":{"allow":["GET"]}}],"collection":[{"href":"https:\/\/all-pets.de\/shop\/wp-json\/wp\/v2\/product"}],"about":[{"href":"https:\/\/all-pets.de\/shop\/wp-json\/wp\/v2\/types\/product"}],"replies":[{"embeddable":true,"href":"https:\/\/all-pets.de\/shop\/wp-json\/wp\/v2\/comments?post=45335"}],"wp:featuredmedia":[{"embeddable":true,"href":"https:\/\/all-pets.de\/shop\/wp-json\/wp\/v2\/media\/8900"}],"wp:attachment":[{"href":"https:\/\/all-pets.de\/shop\/wp-json\/wp\/v2\/media?parent=45335"}],"wp:term":[{"taxonomy":"product_cat","embeddable":true,"href":"https:\/\/all-pets.de\/shop\/wp-json\/wp\/v2\/product_cat?post=45335"},{"taxonomy":"product_tag","embeddable":true,"href":"https:\/\/all-pets.de\/shop\/wp-json\/wp\/v2\/product_tag?post=45335"}],"curies":[{"name":"wp","href":"https:\/\/api.w.org\/{rel}","templated":true}]}}