{"id":45336,"date":"2023-12-12T10:48:12","date_gmt":"2023-12-12T09:48:12","guid":{"rendered":"https:\/\/pet-shopping.de\/shop\/produkt\/karlie-gummi-katzenspielzeug-3-stueck\/"},"modified":"2023-12-12T10:48:16","modified_gmt":"2023-12-12T09:48:16","slug":"karlie-gummi-katzenspielzeug-3-stueck","status":"publish","type":"product","link":"https:\/\/all-pets.de\/shop\/produkt\/karlie-gummi-katzenspielzeug-3-stueck\/","title":{"rendered":"Karlie Gummi-Katzenspielzeug 3 St\u00fcck"},"content":{"rendered":"<p>Mit dem lustigen Katzenspielzeug aus Gummi haben Stubentiger viel Spa\u00df beim Spielen. Die farbenfrohen Spielzeuge kommen als 3er-Set mit verschiedenen Formen. <\/p>\n<p>Die Farben k\u00f6nnen vom Bild abweichen und sind nicht w\u00e4hlbar.<br \/> Durchmesser jeweils ca. 4 cm.<br \/> \u00a0<\/p>\n","protected":false},"excerpt":{"rendered":"<p>Mit dem lustigen Katzenspielzeug aus Gummi haben Stubentiger viel Spa\u00df beim Spielen. Die farbenfrohen Spielzeuge kommen als 3er-Set mit verschiedenen Formen. Die Farben k\u00f6nnen vom Bild abweichen und sind nicht w\u00e4hlbar. Durchmesser jeweils ca. 4 cm. \u00a0<\/p>\n","protected":false},"featured_media":31042,"comment_status":"closed","ping_status":"open","template":"","meta":[],"product_cat":[13937],"product_tag":[],"class_list":{"0":"post-45336","1":"product","2":"type-product","3":"status-publish","4":"has-post-thumbnail","6":"product_cat-katzenbaelle-katzenspielzeug-spielzeug-sortimentekatzenwelt","8":"first","9":"instock","10":"taxable","11":"shipping-taxable","12":"purchasable","13":"product-type-simple"},"_links":{"self":[{"href":"https:\/\/all-pets.de\/shop\/wp-json\/wp\/v2\/product\/45336","targetHints":{"allow":["GET"]}}],"collection":[{"href":"https:\/\/all-pets.de\/shop\/wp-json\/wp\/v2\/product"}],"about":[{"href":"https:\/\/all-pets.de\/shop\/wp-json\/wp\/v2\/types\/product"}],"replies":[{"embeddable":true,"href":"https:\/\/all-pets.de\/shop\/wp-json\/wp\/v2\/comments?post=45336"}],"wp:featuredmedia":[{"embeddable":true,"href":"https:\/\/all-pets.de\/shop\/wp-json\/wp\/v2\/media\/31042"}],"wp:attachment":[{"href":"https:\/\/all-pets.de\/shop\/wp-json\/wp\/v2\/media?parent=45336"}],"wp:term":[{"taxonomy":"product_cat","embeddable":true,"href":"https:\/\/all-pets.de\/shop\/wp-json\/wp\/v2\/product_cat?post=45336"},{"taxonomy":"product_tag","embeddable":true,"href":"https:\/\/all-pets.de\/shop\/wp-json\/wp\/v2\/product_tag?post=45336"}],"curies":[{"name":"wp","href":"https:\/\/api.w.org\/{rel}","templated":true}]}}