{"id":45344,"date":"2023-12-12T10:48:12","date_gmt":"2023-12-12T09:48:12","guid":{"rendered":"https:\/\/pet-shopping.de\/shop\/produkt\/trixie-keramiknapf-fuer-meerschweinchen-200-ml\/"},"modified":"2023-12-12T10:48:17","modified_gmt":"2023-12-12T09:48:17","slug":"trixie-keramiknapf-fuer-meerschweinchen-200-ml","status":"publish","type":"product","link":"https:\/\/all-pets.de\/shop\/produkt\/trixie-keramiknapf-fuer-meerschweinchen-200-ml\/","title":{"rendered":"Trixie Keramiknapf f\u00fcr Meerschweinchen &#8211; 200 ml"},"content":{"rendered":"<ul>\n<li>gew\u00f6lbter Rand verhindert Auswerfen des Futters<\/li>\n<li>Ma\u00dfe: ca. 200 ml\/\u00f8 11 cm<\/li>\n<li>geeignet z.B. f\u00fcr Meerschweinchen<\/li>\n<li>diverse Farben (Eine Farbwahl ist leider nicht m\u00f6glich, da die Farbe je nach Lagerbestand gew\u00e4hlt wird.)<\/li>\n<\/ul>\n","protected":false},"excerpt":{"rendered":"<p>gew\u00f6lbter Rand verhindert Auswerfen des Futters Ma\u00dfe: ca. 200 ml\/\u00f8 11 cm geeignet z.B. f\u00fcr Meerschweinchen diverse Farben (Eine Farbwahl ist leider nicht m\u00f6glich, da die Farbe je nach Lagerbestand gew\u00e4hlt wird.)<\/p>\n","protected":false},"featured_media":45345,"comment_status":"closed","ping_status":"open","template":"","meta":[],"product_cat":[13764],"product_tag":[],"class_list":{"0":"post-45344","1":"product","2":"type-product","3":"status-publish","4":"has-post-thumbnail","6":"product_cat-kleintiernaepfe","8":"first","9":"instock","10":"taxable","11":"shipping-taxable","12":"purchasable","13":"product-type-simple"},"_links":{"self":[{"href":"https:\/\/all-pets.de\/shop\/wp-json\/wp\/v2\/product\/45344","targetHints":{"allow":["GET"]}}],"collection":[{"href":"https:\/\/all-pets.de\/shop\/wp-json\/wp\/v2\/product"}],"about":[{"href":"https:\/\/all-pets.de\/shop\/wp-json\/wp\/v2\/types\/product"}],"replies":[{"embeddable":true,"href":"https:\/\/all-pets.de\/shop\/wp-json\/wp\/v2\/comments?post=45344"}],"wp:featuredmedia":[{"embeddable":true,"href":"https:\/\/all-pets.de\/shop\/wp-json\/wp\/v2\/media\/45345"}],"wp:attachment":[{"href":"https:\/\/all-pets.de\/shop\/wp-json\/wp\/v2\/media?parent=45344"}],"wp:term":[{"taxonomy":"product_cat","embeddable":true,"href":"https:\/\/all-pets.de\/shop\/wp-json\/wp\/v2\/product_cat?post=45344"},{"taxonomy":"product_tag","embeddable":true,"href":"https:\/\/all-pets.de\/shop\/wp-json\/wp\/v2\/product_tag?post=45344"}],"curies":[{"name":"wp","href":"https:\/\/api.w.org\/{rel}","templated":true}]}}