{"id":45356,"date":"2023-12-12T10:48:20","date_gmt":"2023-12-12T09:48:20","guid":{"rendered":"https:\/\/pet-shopping.de\/shop\/produkt\/trixie-junior-katzentoilette-kitty\/"},"modified":"2023-12-12T10:48:20","modified_gmt":"2023-12-12T09:48:20","slug":"trixie-junior-katzentoilette-kitty","status":"publish","type":"product","link":"https:\/\/all-pets.de\/shop\/produkt\/trixie-junior-katzentoilette-kitty\/","title":{"rendered":"Trixie Junior Katzentoilette Kitty"},"content":{"rendered":"<ul>\n<li>f\u00fcr kleine Katzen und K\u00e4tzchen<\/li>\n<li>Kunststoff<\/li>\n<li>Ma\u00dfe: ca. 27 \u00d7 9 \u00d7 37 cm<\/li>\n<li>Diverse Farben. Eine Farbwahl ist leider nicht m\u00f6glich, da die Farbe je nach Lagerbestand gew\u00e4hlt wird.<\/li>\n<\/ul>\n","protected":false},"excerpt":{"rendered":"<p>f\u00fcr kleine Katzen und K\u00e4tzchen Kunststoff Ma\u00dfe: ca. 27 \u00d7 9 \u00d7 37 cm Diverse Farben. Eine Farbwahl ist leider nicht m\u00f6glich, da die Farbe je nach Lagerbestand gew\u00e4hlt wird.<\/p>\n","protected":false},"featured_media":45357,"comment_status":"closed","ping_status":"open","template":"","meta":[],"product_cat":[13941],"product_tag":[],"class_list":{"0":"post-45356","1":"product","2":"type-product","3":"status-publish","4":"has-post-thumbnail","6":"product_cat-katzentoiletten","8":"first","9":"instock","10":"taxable","11":"shipping-taxable","12":"purchasable","13":"product-type-simple"},"_links":{"self":[{"href":"https:\/\/all-pets.de\/shop\/wp-json\/wp\/v2\/product\/45356","targetHints":{"allow":["GET"]}}],"collection":[{"href":"https:\/\/all-pets.de\/shop\/wp-json\/wp\/v2\/product"}],"about":[{"href":"https:\/\/all-pets.de\/shop\/wp-json\/wp\/v2\/types\/product"}],"replies":[{"embeddable":true,"href":"https:\/\/all-pets.de\/shop\/wp-json\/wp\/v2\/comments?post=45356"}],"wp:featuredmedia":[{"embeddable":true,"href":"https:\/\/all-pets.de\/shop\/wp-json\/wp\/v2\/media\/45357"}],"wp:attachment":[{"href":"https:\/\/all-pets.de\/shop\/wp-json\/wp\/v2\/media?parent=45356"}],"wp:term":[{"taxonomy":"product_cat","embeddable":true,"href":"https:\/\/all-pets.de\/shop\/wp-json\/wp\/v2\/product_cat?post=45356"},{"taxonomy":"product_tag","embeddable":true,"href":"https:\/\/all-pets.de\/shop\/wp-json\/wp\/v2\/product_tag?post=45356"}],"curies":[{"name":"wp","href":"https:\/\/api.w.org\/{rel}","templated":true}]}}