{"id":45360,"date":"2023-12-12T10:48:20","date_gmt":"2023-12-12T09:48:20","guid":{"rendered":"https:\/\/pet-shopping.de\/shop\/produkt\/trixie-flacher-edelstahlnapf-fuer-katzen\/"},"modified":"2023-12-12T10:48:21","modified_gmt":"2023-12-12T09:48:21","slug":"trixie-flacher-edelstahlnapf-fuer-katzen","status":"publish","type":"product","link":"https:\/\/all-pets.de\/shop\/produkt\/trixie-flacher-edelstahlnapf-fuer-katzen\/","title":{"rendered":"Trixie flacher Edelstahlnapf f\u00fcr Katzen"},"content":{"rendered":"<ul>\n<li>flache Ausf\u00fchrung<\/li>\n<li>Fassungsverm\u00f6gen: 0,2 l<\/li>\n<li>Durchmesser: ca. \u00f8 13 cm<\/li>\n<\/ul>\n","protected":false},"excerpt":{"rendered":"<p>flache Ausf\u00fchrung Fassungsverm\u00f6gen: 0,2 l Durchmesser: ca. \u00f8 13 cm<\/p>\n","protected":false},"featured_media":45361,"comment_status":"closed","ping_status":"open","template":"","meta":[],"product_cat":[13740],"product_tag":[],"class_list":{"0":"post-45360","1":"product","2":"type-product","3":"status-publish","4":"has-post-thumbnail","6":"product_cat-futter-wassernaepfe","8":"first","9":"instock","10":"taxable","11":"shipping-taxable","12":"purchasable","13":"product-type-simple"},"_links":{"self":[{"href":"https:\/\/all-pets.de\/shop\/wp-json\/wp\/v2\/product\/45360","targetHints":{"allow":["GET"]}}],"collection":[{"href":"https:\/\/all-pets.de\/shop\/wp-json\/wp\/v2\/product"}],"about":[{"href":"https:\/\/all-pets.de\/shop\/wp-json\/wp\/v2\/types\/product"}],"replies":[{"embeddable":true,"href":"https:\/\/all-pets.de\/shop\/wp-json\/wp\/v2\/comments?post=45360"}],"wp:featuredmedia":[{"embeddable":true,"href":"https:\/\/all-pets.de\/shop\/wp-json\/wp\/v2\/media\/45361"}],"wp:attachment":[{"href":"https:\/\/all-pets.de\/shop\/wp-json\/wp\/v2\/media?parent=45360"}],"wp:term":[{"taxonomy":"product_cat","embeddable":true,"href":"https:\/\/all-pets.de\/shop\/wp-json\/wp\/v2\/product_cat?post=45360"},{"taxonomy":"product_tag","embeddable":true,"href":"https:\/\/all-pets.de\/shop\/wp-json\/wp\/v2\/product_tag?post=45360"}],"curies":[{"name":"wp","href":"https:\/\/api.w.org\/{rel}","templated":true}]}}