{"id":45362,"date":"2023-12-12T10:48:20","date_gmt":"2023-12-12T09:48:20","guid":{"rendered":"https:\/\/pet-shopping.de\/shop\/produkt\/bubimex-keramiknapf-cat-weiss\/"},"modified":"2023-12-12T10:48:22","modified_gmt":"2023-12-12T09:48:22","slug":"bubimex-keramiknapf-cat-weiss","status":"publish","type":"product","link":"https:\/\/all-pets.de\/shop\/produkt\/bubimex-keramiknapf-cat-weiss\/","title":{"rendered":"Bubimex Keramiknapf CAT &#8211; wei\u00df"},"content":{"rendered":"<p>Sch\u00f6ner Keramiknapf f\u00fcr Katzen in zeitlosem Wei\u00df mit CAT-Schriftzug. <\/p>\n<p>Fassungsverm\u00f6gen: ca. 150 ml<br \/> Durchmesser: ca. 15 cm<\/p>\n","protected":false},"excerpt":{"rendered":"<p>Sch\u00f6ner Keramiknapf f\u00fcr Katzen in zeitlosem Wei\u00df mit CAT-Schriftzug. Fassungsverm\u00f6gen: ca. 150 ml Durchmesser: ca. 15 cm<\/p>\n","protected":false},"featured_media":24982,"comment_status":"closed","ping_status":"open","template":"","meta":[],"product_cat":[13740],"product_tag":[],"class_list":{"0":"post-45362","1":"product","2":"type-product","3":"status-publish","4":"has-post-thumbnail","6":"product_cat-futter-wassernaepfe","8":"first","9":"instock","10":"taxable","11":"shipping-taxable","12":"purchasable","13":"product-type-simple"},"_links":{"self":[{"href":"https:\/\/all-pets.de\/shop\/wp-json\/wp\/v2\/product\/45362","targetHints":{"allow":["GET"]}}],"collection":[{"href":"https:\/\/all-pets.de\/shop\/wp-json\/wp\/v2\/product"}],"about":[{"href":"https:\/\/all-pets.de\/shop\/wp-json\/wp\/v2\/types\/product"}],"replies":[{"embeddable":true,"href":"https:\/\/all-pets.de\/shop\/wp-json\/wp\/v2\/comments?post=45362"}],"wp:featuredmedia":[{"embeddable":true,"href":"https:\/\/all-pets.de\/shop\/wp-json\/wp\/v2\/media\/24982"}],"wp:attachment":[{"href":"https:\/\/all-pets.de\/shop\/wp-json\/wp\/v2\/media?parent=45362"}],"wp:term":[{"taxonomy":"product_cat","embeddable":true,"href":"https:\/\/all-pets.de\/shop\/wp-json\/wp\/v2\/product_cat?post=45362"},{"taxonomy":"product_tag","embeddable":true,"href":"https:\/\/all-pets.de\/shop\/wp-json\/wp\/v2\/product_tag?post=45362"}],"curies":[{"name":"wp","href":"https:\/\/api.w.org\/{rel}","templated":true}]}}