{"id":45363,"date":"2023-12-12T10:48:20","date_gmt":"2023-12-12T09:48:20","guid":{"rendered":"https:\/\/pet-shopping.de\/shop\/produkt\/trixie-holzrampe-fuer-kleintierkaefige-50-cm\/"},"modified":"2023-12-12T10:48:22","modified_gmt":"2023-12-12T09:48:22","slug":"trixie-holzrampe-fuer-kleintierkaefige-50-cm","status":"publish","type":"product","link":"https:\/\/all-pets.de\/shop\/produkt\/trixie-holzrampe-fuer-kleintierkaefige-50-cm\/","title":{"rendered":"Trixie Holzrampe f\u00fcr Kleintierk\u00e4fige, 50 cm"},"content":{"rendered":"<ul>\n<li> aus lasiertem Kiefernholz <\/li>\n<li> f\u00fcr Kleintierk\u00e4fige und -st\u00e4lle <\/li>\n<li> erleichtert den Ein- und Ausstieg <\/li>\n<li> zum Einh\u00e4ngen an den Eingang <\/li>\n<li> kann schnell und einfach mit weiteren Rampen verl\u00e4ngert werden <\/li>\n<li> besandete Lauffl\u00e4che unterst\u00fctzt die nat\u00fcrliche Krallenabnutzung <\/li>\n<\/ul>\n<div>Ma\u00dfe: 20 \u00d7 50 cm<\/div>\n","protected":false},"excerpt":{"rendered":"<p>aus lasiertem Kiefernholz f\u00fcr Kleintierk\u00e4fige und -st\u00e4lle erleichtert den Ein- und Ausstieg zum Einh\u00e4ngen an den Eingang kann schnell und einfach mit weiteren Rampen verl\u00e4ngert werden besandete Lauffl\u00e4che unterst\u00fctzt die nat\u00fcrliche Krallenabnutzung Ma\u00dfe: 20 \u00d7 50 cm<\/p>\n","protected":false},"featured_media":15708,"comment_status":"closed","ping_status":"open","template":"","meta":[],"product_cat":[13942],"product_tag":[],"class_list":{"0":"post-45363","1":"product","2":"type-product","3":"status-publish","4":"has-post-thumbnail","6":"product_cat-aussenstaelle","8":"first","9":"instock","10":"taxable","11":"shipping-taxable","12":"purchasable","13":"product-type-simple"},"_links":{"self":[{"href":"https:\/\/all-pets.de\/shop\/wp-json\/wp\/v2\/product\/45363","targetHints":{"allow":["GET"]}}],"collection":[{"href":"https:\/\/all-pets.de\/shop\/wp-json\/wp\/v2\/product"}],"about":[{"href":"https:\/\/all-pets.de\/shop\/wp-json\/wp\/v2\/types\/product"}],"replies":[{"embeddable":true,"href":"https:\/\/all-pets.de\/shop\/wp-json\/wp\/v2\/comments?post=45363"}],"wp:featuredmedia":[{"embeddable":true,"href":"https:\/\/all-pets.de\/shop\/wp-json\/wp\/v2\/media\/15708"}],"wp:attachment":[{"href":"https:\/\/all-pets.de\/shop\/wp-json\/wp\/v2\/media?parent=45363"}],"wp:term":[{"taxonomy":"product_cat","embeddable":true,"href":"https:\/\/all-pets.de\/shop\/wp-json\/wp\/v2\/product_cat?post=45363"},{"taxonomy":"product_tag","embeddable":true,"href":"https:\/\/all-pets.de\/shop\/wp-json\/wp\/v2\/product_tag?post=45363"}],"curies":[{"name":"wp","href":"https:\/\/api.w.org\/{rel}","templated":true}]}}