{"id":45372,"date":"2023-12-12T10:48:20","date_gmt":"2023-12-12T09:48:20","guid":{"rendered":"https:\/\/pet-shopping.de\/shop\/produkt\/trixie-freilaufgehege-6-elemente-60-x-63-cm-verzinkt\/"},"modified":"2023-12-12T10:48:23","modified_gmt":"2023-12-12T09:48:23","slug":"trixie-freilaufgehege-6-elemente-60-x-63-cm-verzinkt","status":"publish","type":"product","link":"https:\/\/all-pets.de\/shop\/produkt\/trixie-freilaufgehege-6-elemente-60-x-63-cm-verzinkt\/","title":{"rendered":"Trixie Freilaufgehege, 6 Elemente, 60 x 63 cm, verzinkt"},"content":{"rendered":"<div class=\"mb-3 row\">\n<div class=\"col\">\n<ul>\n<li>\n<ul>\n<ul>\n<li>6 Elemente a 63 \u00d7 58 cm<\/li>\n<li>mit T\u00fcr<\/li>\n<li>erweiterbar durch zus\u00e4tzliche Elemente<\/li>\n<li>inklusive Heringe<\/li>\n<li>Metall, verzinkt<\/li>\n<li>wetterfest<\/li>\n<li>Ma\u00dfe: ca. \u00f8 126 \u00d7 58 cm<\/li>\n<\/ul>\n<\/ul>\n<\/li>\n<\/ul>\n<\/div>\n<\/div>\n","protected":false},"excerpt":{"rendered":"<p>6 Elemente a 63 \u00d7 58 cm mit T\u00fcr erweiterbar durch zus\u00e4tzliche Elemente inklusive Heringe Metall, verzinkt wetterfest Ma\u00dfe: ca. \u00f8 126 \u00d7 58 cm<\/p>\n","protected":false},"featured_media":45373,"comment_status":"closed","ping_status":"open","template":"","meta":[],"product_cat":[13899],"product_tag":[],"class_list":{"0":"post-45372","1":"product","2":"type-product","3":"status-publish","4":"has-post-thumbnail","6":"product_cat-freigehege-fuer-kleintiere","8":"first","9":"instock","10":"taxable","11":"shipping-taxable","12":"purchasable","13":"product-type-simple"},"_links":{"self":[{"href":"https:\/\/all-pets.de\/shop\/wp-json\/wp\/v2\/product\/45372","targetHints":{"allow":["GET"]}}],"collection":[{"href":"https:\/\/all-pets.de\/shop\/wp-json\/wp\/v2\/product"}],"about":[{"href":"https:\/\/all-pets.de\/shop\/wp-json\/wp\/v2\/types\/product"}],"replies":[{"embeddable":true,"href":"https:\/\/all-pets.de\/shop\/wp-json\/wp\/v2\/comments?post=45372"}],"wp:featuredmedia":[{"embeddable":true,"href":"https:\/\/all-pets.de\/shop\/wp-json\/wp\/v2\/media\/45373"}],"wp:attachment":[{"href":"https:\/\/all-pets.de\/shop\/wp-json\/wp\/v2\/media?parent=45372"}],"wp:term":[{"taxonomy":"product_cat","embeddable":true,"href":"https:\/\/all-pets.de\/shop\/wp-json\/wp\/v2\/product_cat?post=45372"},{"taxonomy":"product_tag","embeddable":true,"href":"https:\/\/all-pets.de\/shop\/wp-json\/wp\/v2\/product_tag?post=45372"}],"curies":[{"name":"wp","href":"https:\/\/api.w.org\/{rel}","templated":true}]}}