{"id":45377,"date":"2023-12-12T10:48:20","date_gmt":"2023-12-12T09:48:20","guid":{"rendered":"https:\/\/pet-shopping.de\/shop\/produkt\/trixie-auto-schondecke-schwarz-145-x-160-m\/"},"modified":"2023-12-12T10:48:24","modified_gmt":"2023-12-12T09:48:24","slug":"trixie-auto-schondecke-schwarz-145-x-160-m","status":"publish","type":"product","link":"https:\/\/all-pets.de\/shop\/produkt\/trixie-auto-schondecke-schwarz-145-x-160-m\/","title":{"rendered":"Trixie Auto-Schondecke &#8211; schwarz, 1,45 \u00d7 1,60 m"},"content":{"rendered":"<div class=\"mb-3 row\">\n<div class=\"col\">\n<ul>\n<li>\n<ul>\n<ul>\n<li>f\u00fcr die R\u00fcckbank<\/li>\n<li>Gurtdurchf\u00fchrungen zum Anschnallen des Hundes<\/li>\n<li>seitliche Einstecklaschen sichern Decken gegen Verrutschen<\/li>\n<li>Fixierscheiben optimieren den Halt zwischen Sitzbank und R\u00fcckenlehne<\/li>\n<li>reflektierende Elemente<\/li>\n<li>Polyester<\/li>\n<li>wasserabweisend<\/li>\n<li>waschbar bei 30\u00b0C<\/li>\n<li> Ma\u00dfe: ca. 1,45 \u00d7 1,60 m<\/li>\n<li>Farbe: schwarz<\/li>\n<\/ul>\n<\/ul>\n<div class=\"infotextWrap\"><\/div>\n<div class=\"infotextWrap\">Hinweis: F\u00fcr einen umfassenden Unfallschutz nutzen Sie ein gepr\u00fcftes Auto-Sicherheitsgeschirr.<\/div>\n<\/li>\n<\/ul>\n<\/div>\n<\/div>\n","protected":false},"excerpt":{"rendered":"<p>f\u00fcr die R\u00fcckbank Gurtdurchf\u00fchrungen zum Anschnallen des Hundes seitliche Einstecklaschen sichern Decken gegen Verrutschen Fixierscheiben optimieren den Halt zwischen Sitzbank und R\u00fcckenlehne reflektierende Elemente Polyester wasserabweisend waschbar bei 30\u00b0C Ma\u00dfe: ca. 1,45 \u00d7 1,60 m Farbe: schwarz Hinweis: F\u00fcr einen umfassenden Unfallschutz nutzen Sie ein gepr\u00fcftes Auto-Sicherheitsgeschirr.<\/p>\n","protected":false},"featured_media":45378,"comment_status":"closed","ping_status":"open","template":"","meta":[],"product_cat":[13691],"product_tag":[],"class_list":{"0":"post-45377","1":"product","2":"type-product","3":"status-publish","4":"has-post-thumbnail","6":"product_cat-autozubehoer","8":"first","9":"instock","10":"taxable","11":"shipping-taxable","12":"purchasable","13":"product-type-simple"},"_links":{"self":[{"href":"https:\/\/all-pets.de\/shop\/wp-json\/wp\/v2\/product\/45377","targetHints":{"allow":["GET"]}}],"collection":[{"href":"https:\/\/all-pets.de\/shop\/wp-json\/wp\/v2\/product"}],"about":[{"href":"https:\/\/all-pets.de\/shop\/wp-json\/wp\/v2\/types\/product"}],"replies":[{"embeddable":true,"href":"https:\/\/all-pets.de\/shop\/wp-json\/wp\/v2\/comments?post=45377"}],"wp:featuredmedia":[{"embeddable":true,"href":"https:\/\/all-pets.de\/shop\/wp-json\/wp\/v2\/media\/45378"}],"wp:attachment":[{"href":"https:\/\/all-pets.de\/shop\/wp-json\/wp\/v2\/media?parent=45377"}],"wp:term":[{"taxonomy":"product_cat","embeddable":true,"href":"https:\/\/all-pets.de\/shop\/wp-json\/wp\/v2\/product_cat?post=45377"},{"taxonomy":"product_tag","embeddable":true,"href":"https:\/\/all-pets.de\/shop\/wp-json\/wp\/v2\/product_tag?post=45377"}],"curies":[{"name":"wp","href":"https:\/\/api.w.org\/{rel}","templated":true}]}}