{"id":45390,"date":"2023-12-12T10:48:20","date_gmt":"2023-12-12T09:48:20","guid":{"rendered":"https:\/\/pet-shopping.de\/shop\/produkt\/karlie-flamingo-bunny-sports-hindernis-hopp-1\/"},"modified":"2023-12-12T10:48:26","modified_gmt":"2023-12-12T09:48:26","slug":"karlie-flamingo-bunny-sports-hindernis-hopp-1","status":"publish","type":"product","link":"https:\/\/all-pets.de\/shop\/produkt\/karlie-flamingo-bunny-sports-hindernis-hopp-1\/","title":{"rendered":"Karlie Flamingo Bunny Sports Hindernis Hopp 1"},"content":{"rendered":"<p>Kanin-Hop ist Bewegungsspa\u00df f\u00fcr aktive und sportliche Kaninchen.<\/p>\n<p>Das Springen \u00fcber Hindernissen entspricht der nat\u00fcrlichen, angeborenen Bewegung des Tieres und somit ist Kanin-Hop ein artgerechter Sport, der Mensch und Tier viel Freude macht. Das Bunny Sports Hopp 1 Hindernis hat 3 Querstangen und ist 21 cm hoch.<\/p>\n<p>Ma\u00dfe: ca. 84 x 25 x 21 cm (LxBxH)<\/p>\n","protected":false},"excerpt":{"rendered":"<p>Kanin-Hop ist Bewegungsspa\u00df f\u00fcr aktive und sportliche Kaninchen. Das Springen \u00fcber Hindernissen entspricht der nat\u00fcrlichen, angeborenen Bewegung des Tieres und somit ist Kanin-Hop ein artgerechter Sport, der Mensch und Tier viel Freude macht. Das Bunny Sports Hopp 1 Hindernis hat 3 Querstangen und ist 21 cm hoch. Ma\u00dfe: ca. 84 x 25 x 21 cm [&hellip;]<\/p>\n","protected":false},"featured_media":19066,"comment_status":"closed","ping_status":"open","template":"","meta":[],"product_cat":[13745],"product_tag":[],"class_list":{"0":"post-45390","1":"product","2":"type-product","3":"status-publish","4":"has-post-thumbnail","6":"product_cat-spiel-sport","8":"first","9":"instock","10":"taxable","11":"shipping-taxable","12":"purchasable","13":"product-type-simple"},"_links":{"self":[{"href":"https:\/\/all-pets.de\/shop\/wp-json\/wp\/v2\/product\/45390","targetHints":{"allow":["GET"]}}],"collection":[{"href":"https:\/\/all-pets.de\/shop\/wp-json\/wp\/v2\/product"}],"about":[{"href":"https:\/\/all-pets.de\/shop\/wp-json\/wp\/v2\/types\/product"}],"replies":[{"embeddable":true,"href":"https:\/\/all-pets.de\/shop\/wp-json\/wp\/v2\/comments?post=45390"}],"wp:featuredmedia":[{"embeddable":true,"href":"https:\/\/all-pets.de\/shop\/wp-json\/wp\/v2\/media\/19066"}],"wp:attachment":[{"href":"https:\/\/all-pets.de\/shop\/wp-json\/wp\/v2\/media?parent=45390"}],"wp:term":[{"taxonomy":"product_cat","embeddable":true,"href":"https:\/\/all-pets.de\/shop\/wp-json\/wp\/v2\/product_cat?post=45390"},{"taxonomy":"product_tag","embeddable":true,"href":"https:\/\/all-pets.de\/shop\/wp-json\/wp\/v2\/product_tag?post=45390"}],"curies":[{"name":"wp","href":"https:\/\/api.w.org\/{rel}","templated":true}]}}