{"id":45392,"date":"2023-12-12T10:48:20","date_gmt":"2023-12-12T09:48:20","guid":{"rendered":"https:\/\/pet-shopping.de\/shop\/produkt\/karlie-vogelbadehaus-rio-1\/"},"modified":"2023-12-12T10:48:26","modified_gmt":"2023-12-12T09:48:26","slug":"karlie-vogelbadehaus-rio-1","status":"publish","type":"product","link":"https:\/\/all-pets.de\/shop\/produkt\/karlie-vogelbadehaus-rio-1\/","title":{"rendered":"Karlie Vogelbadehaus RIO 1"},"content":{"rendered":"<div>Badehaus f\u00fcr V\u00f6gel zum Einh\u00e4ngen in die K\u00e4figt\u00fcre.<\/p>\n<p> Ma\u00dfe: ca. 12 x 14 x 13 cm<\/p><\/div>\n<div> <font size='1'>(Die Farbe kann von der Abbildung abweichen \/ Eine Farbwahl ist leider nicht m\u00f6glich, da die Farbe je nach Lagerbestand gew\u00e4hlt wird.)<\/font> <\/div>\n","protected":false},"excerpt":{"rendered":"<p>Badehaus f\u00fcr V\u00f6gel zum Einh\u00e4ngen in die K\u00e4figt\u00fcre. Ma\u00dfe: ca. 12 x 14 x 13 cm (Die Farbe kann von der Abbildung abweichen \/ Eine Farbwahl ist leider nicht m\u00f6glich, da die Farbe je nach Lagerbestand gew\u00e4hlt wird.)<\/p>\n","protected":false},"featured_media":19116,"comment_status":"closed","ping_status":"open","template":"","meta":[],"product_cat":[13950],"product_tag":[],"class_list":{"0":"post-45392","1":"product","2":"type-product","3":"status-publish","4":"has-post-thumbnail","6":"product_cat-badehaeuser","8":"first","9":"instock","10":"taxable","11":"shipping-taxable","12":"purchasable","13":"product-type-simple"},"_links":{"self":[{"href":"https:\/\/all-pets.de\/shop\/wp-json\/wp\/v2\/product\/45392","targetHints":{"allow":["GET"]}}],"collection":[{"href":"https:\/\/all-pets.de\/shop\/wp-json\/wp\/v2\/product"}],"about":[{"href":"https:\/\/all-pets.de\/shop\/wp-json\/wp\/v2\/types\/product"}],"replies":[{"embeddable":true,"href":"https:\/\/all-pets.de\/shop\/wp-json\/wp\/v2\/comments?post=45392"}],"wp:featuredmedia":[{"embeddable":true,"href":"https:\/\/all-pets.de\/shop\/wp-json\/wp\/v2\/media\/19116"}],"wp:attachment":[{"href":"https:\/\/all-pets.de\/shop\/wp-json\/wp\/v2\/media?parent=45392"}],"wp:term":[{"taxonomy":"product_cat","embeddable":true,"href":"https:\/\/all-pets.de\/shop\/wp-json\/wp\/v2\/product_cat?post=45392"},{"taxonomy":"product_tag","embeddable":true,"href":"https:\/\/all-pets.de\/shop\/wp-json\/wp\/v2\/product_tag?post=45392"}],"curies":[{"name":"wp","href":"https:\/\/api.w.org\/{rel}","templated":true}]}}