{"id":45443,"date":"2023-12-12T10:48:37","date_gmt":"2023-12-12T09:48:37","guid":{"rendered":"https:\/\/pet-shopping.de\/shop\/produkt\/bayer-zahnpflege-kaustreifen-grosse-hunde-140-g\/"},"modified":"2023-12-12T10:48:37","modified_gmt":"2023-12-12T09:48:37","slug":"bayer-zahnpflege-kaustreifen-grosse-hunde-140-g","status":"publish","type":"product","link":"https:\/\/all-pets.de\/shop\/produkt\/bayer-zahnpflege-kaustreifen-grosse-hunde-140-g\/","title":{"rendered":"Bayer Zahnpflege Kaustreifen, gro\u00dfe Hunde, 140 g"},"content":{"rendered":"<p>Bay\u00b7o\u00b7Pet\u00ae Zahnpflege Kaustreifen mit Alge f\u00fcr gro\u00dfe Hunde<br \/> &#8211; Erg\u00e4nzungsfuttermittel f\u00fcr Hunde zur Zahnsteinprophylaxe<\/p>\n<p>BayoPet\u00ae Zahnpflege Kaustreifen trainieren die Kaumuskulatur und pflegen das Gebiss unter Ausn\u00fctzung des nat\u00fcrlichen Kautriebes des Hundes.<br \/> Z\u00e4hne und Zahnfleisch werden mechanisch gereinigt. W\u00e4hrend des Kauens werden vermehrt nat\u00fcrliche Enzyme freigesetzt, die die Z\u00e4hne zus\u00e4tzlich von Zahnbelag befreien und so vor Zahnstein und Parodontose sch\u00fctzen k\u00f6nnen.<br \/> BayoPet\u00ae Zahnpflege Kaustreifen bestehen aus echter Rinderhaut und sind mit einer ausgew\u00e4hlten, sehr n\u00e4hrstoffreichen Seealge beschichtet. <br \/> Der Hund erh\u00e4lt so zus\u00e4tzlich biologisch-hochwertige Vitamine, Mineralstoffe und Spurenelemente. Zus\u00e4tzlich enthalten die Kaustreifen eine Vielzahl von wertvollen Milcheiwei\u00dfen, die sich durch ihren hohen Gehalt an Aminos\u00e4uren auszeichnen.<\/p>\n<p>Gehalt an Inhaltsstoffen : <br \/> Rohprotein: 72,0 %<br \/> Rohfett: 3,0 %<br \/> Rohfaser: 1,5 %<br \/> Rohasche: 2,1 %<\/p>\n<p>Zusammensetzung :<br \/> Fleisch und tierische Nebenerzeugnisse, Milch und Molkereierzeugnisse, pflanzliche Nebenerzeugnisse, Algen<\/p>\n<p>Art der Anwendung : <br \/> T\u00e4glich einen Kaustreifen. Als Erg\u00e4nzung zum gewohnten Futter, bei Gewichtsreduktion kann eine Mahlzeit durch einen Kaustreifen ersetzt werden.<\/p>\n","protected":false},"excerpt":{"rendered":"<p>Bay\u00b7o\u00b7Pet\u00ae Zahnpflege Kaustreifen mit Alge f\u00fcr gro\u00dfe Hunde &#8211; Erg\u00e4nzungsfuttermittel f\u00fcr Hunde zur Zahnsteinprophylaxe BayoPet\u00ae Zahnpflege Kaustreifen trainieren die Kaumuskulatur und pflegen das Gebiss unter Ausn\u00fctzung des nat\u00fcrlichen Kautriebes des Hundes. Z\u00e4hne und Zahnfleisch werden mechanisch gereinigt. W\u00e4hrend des Kauens werden vermehrt nat\u00fcrliche Enzyme freigesetzt, die die Z\u00e4hne zus\u00e4tzlich von Zahnbelag befreien und so vor [&hellip;]<\/p>\n","protected":false},"featured_media":4546,"comment_status":"closed","ping_status":"open","template":"","meta":[],"product_cat":[13952],"product_tag":[],"class_list":{"0":"post-45443","1":"product","2":"type-product","3":"status-publish","4":"has-post-thumbnail","6":"product_cat-bay-o-pet","8":"first","9":"instock","10":"taxable","11":"shipping-taxable","12":"purchasable","13":"product-type-simple"},"_links":{"self":[{"href":"https:\/\/all-pets.de\/shop\/wp-json\/wp\/v2\/product\/45443","targetHints":{"allow":["GET"]}}],"collection":[{"href":"https:\/\/all-pets.de\/shop\/wp-json\/wp\/v2\/product"}],"about":[{"href":"https:\/\/all-pets.de\/shop\/wp-json\/wp\/v2\/types\/product"}],"replies":[{"embeddable":true,"href":"https:\/\/all-pets.de\/shop\/wp-json\/wp\/v2\/comments?post=45443"}],"wp:featuredmedia":[{"embeddable":true,"href":"https:\/\/all-pets.de\/shop\/wp-json\/wp\/v2\/media\/4546"}],"wp:attachment":[{"href":"https:\/\/all-pets.de\/shop\/wp-json\/wp\/v2\/media?parent=45443"}],"wp:term":[{"taxonomy":"product_cat","embeddable":true,"href":"https:\/\/all-pets.de\/shop\/wp-json\/wp\/v2\/product_cat?post=45443"},{"taxonomy":"product_tag","embeddable":true,"href":"https:\/\/all-pets.de\/shop\/wp-json\/wp\/v2\/product_tag?post=45443"}],"curies":[{"name":"wp","href":"https:\/\/api.w.org\/{rel}","templated":true}]}}