{"id":45449,"date":"2023-12-12T10:48:37","date_gmt":"2023-12-12T09:48:37","guid":{"rendered":"https:\/\/pet-shopping.de\/shop\/produkt\/trixie-jungtiergehege-mit-schutznetz\/"},"modified":"2023-12-12T10:48:38","modified_gmt":"2023-12-12T09:48:38","slug":"trixie-jungtiergehege-mit-schutznetz","status":"publish","type":"product","link":"https:\/\/all-pets.de\/shop\/produkt\/trixie-jungtiergehege-mit-schutznetz\/","title":{"rendered":"Trixie Jungtiergehege mit Schutznetz"},"content":{"rendered":"<p>Dieses Freigehege ist speziell f\u00fcr Jungtiere. Es hat einen geringeren Gitterabstand als gew\u00f6hnliche Freigehege f\u00fcr Kleintiere und verhindert so ein Durchschl\u00fcpfen der jungen Tiere. Die Maschenweite betr\u00e4gt 1 x 1 cm. Der Gitterabstand betr\u00e4gt ca. 2 cm.<\/p>\n<p>Das Gehege besteht aus pulverbeschichtetem Metall und ist mit einer T\u00fcr versehen. Ohne Probleme ist es mit einem weiteren baugleichen Gehege erweiterbar. Das mitgelieferte Schutznetz verhindert ein Hinausspringen der Tiere und bietet Schutz vor Greifv\u00f6geln, Katzen und anderen Tieren. Die H\u00e4lfte des Netztes ist als Sonnenschutz geschlossen und bietet ausreichend Schatten an sonnigen Tagen.<\/p>\n<p>Das Gehege besteht aus 6 Elementen a 58 x 38 cm (BxH).<br \/> Durchmesser: ca. 115 cm (von Ecke zu Ecke gemessen)<br \/> Farbe des Geheges: Dunkelgr\u00fcn<\/p>\n","protected":false},"excerpt":{"rendered":"<p>Dieses Freigehege ist speziell f\u00fcr Jungtiere. Es hat einen geringeren Gitterabstand als gew\u00f6hnliche Freigehege f\u00fcr Kleintiere und verhindert so ein Durchschl\u00fcpfen der jungen Tiere. Die Maschenweite betr\u00e4gt 1 x 1 cm. Der Gitterabstand betr\u00e4gt ca. 2 cm. Das Gehege besteht aus pulverbeschichtetem Metall und ist mit einer T\u00fcr versehen. Ohne Probleme ist es mit einem [&hellip;]<\/p>\n","protected":false},"featured_media":911,"comment_status":"closed","ping_status":"open","template":"","meta":[],"product_cat":[13899],"product_tag":[],"class_list":{"0":"post-45449","1":"product","2":"type-product","3":"status-publish","4":"has-post-thumbnail","6":"product_cat-freigehege-fuer-kleintiere","8":"first","9":"instock","10":"taxable","11":"shipping-taxable","12":"purchasable","13":"product-type-simple"},"_links":{"self":[{"href":"https:\/\/all-pets.de\/shop\/wp-json\/wp\/v2\/product\/45449","targetHints":{"allow":["GET"]}}],"collection":[{"href":"https:\/\/all-pets.de\/shop\/wp-json\/wp\/v2\/product"}],"about":[{"href":"https:\/\/all-pets.de\/shop\/wp-json\/wp\/v2\/types\/product"}],"replies":[{"embeddable":true,"href":"https:\/\/all-pets.de\/shop\/wp-json\/wp\/v2\/comments?post=45449"}],"wp:featuredmedia":[{"embeddable":true,"href":"https:\/\/all-pets.de\/shop\/wp-json\/wp\/v2\/media\/911"}],"wp:attachment":[{"href":"https:\/\/all-pets.de\/shop\/wp-json\/wp\/v2\/media?parent=45449"}],"wp:term":[{"taxonomy":"product_cat","embeddable":true,"href":"https:\/\/all-pets.de\/shop\/wp-json\/wp\/v2\/product_cat?post=45449"},{"taxonomy":"product_tag","embeddable":true,"href":"https:\/\/all-pets.de\/shop\/wp-json\/wp\/v2\/product_tag?post=45449"}],"curies":[{"name":"wp","href":"https:\/\/api.w.org\/{rel}","templated":true}]}}