{"id":45450,"date":"2023-12-12T10:48:37","date_gmt":"2023-12-12T09:48:37","guid":{"rendered":"https:\/\/pet-shopping.de\/shop\/produkt\/karlie-swifty-scoop-alu-kotschaufel\/"},"modified":"2023-12-12T10:48:38","modified_gmt":"2023-12-12T09:48:38","slug":"karlie-swifty-scoop-alu-kotschaufel","status":"publish","type":"product","link":"https:\/\/all-pets.de\/shop\/produkt\/karlie-swifty-scoop-alu-kotschaufel\/","title":{"rendered":"Karlie Swifty Scoop Alu-Kotschaufel"},"content":{"rendered":"<p>Mit der rostfreien Alu-Kotschaufel Swifty Scoop gibt es endlich eine langlebige Variante der bekannten Kunststoff-Kotschaufeln, die in den meisten F\u00e4llen sehr schnell kaputt gehen k\u00f6nnen. Sie ist sowohl f\u00fcr Katzentoiletten, als auch f\u00fcr Hundebesitzer zum Entfernen von Hundekot aus Garten etc. geeignet. Sie hat eine gro\u00dfe Aufnahmefl\u00e4che (ca. 12,5 x 14 cm) und ist mit einem Soft-Griff ausgestattet und kann einfach und vorallem hygienisch gereinigt werden.<\/p>\n<p>Gesamtma\u00dfe: ca. 34 x 14 cm (LxB)<br \/> Griffl\u00e4nge: ca. 18 cm<\/p>\n<p><\/p>\n","protected":false},"excerpt":{"rendered":"<p>Mit der rostfreien Alu-Kotschaufel Swifty Scoop gibt es endlich eine langlebige Variante der bekannten Kunststoff-Kotschaufeln, die in den meisten F\u00e4llen sehr schnell kaputt gehen k\u00f6nnen. Sie ist sowohl f\u00fcr Katzentoiletten, als auch f\u00fcr Hundebesitzer zum Entfernen von Hundekot aus Garten etc. geeignet. Sie hat eine gro\u00dfe Aufnahmefl\u00e4che (ca. 12,5 x 14 cm) und ist mit [&hellip;]<\/p>\n","protected":false},"featured_media":27353,"comment_status":"closed","ping_status":"open","template":"","meta":[],"product_cat":[13959],"product_tag":[],"class_list":{"0":"post-45450","1":"product","2":"type-product","3":"status-publish","4":"has-post-thumbnail","6":"product_cat-hundekotbeutel-zubehoer","8":"first","9":"instock","10":"taxable","11":"shipping-taxable","12":"purchasable","13":"product-type-simple"},"_links":{"self":[{"href":"https:\/\/all-pets.de\/shop\/wp-json\/wp\/v2\/product\/45450","targetHints":{"allow":["GET"]}}],"collection":[{"href":"https:\/\/all-pets.de\/shop\/wp-json\/wp\/v2\/product"}],"about":[{"href":"https:\/\/all-pets.de\/shop\/wp-json\/wp\/v2\/types\/product"}],"replies":[{"embeddable":true,"href":"https:\/\/all-pets.de\/shop\/wp-json\/wp\/v2\/comments?post=45450"}],"wp:featuredmedia":[{"embeddable":true,"href":"https:\/\/all-pets.de\/shop\/wp-json\/wp\/v2\/media\/27353"}],"wp:attachment":[{"href":"https:\/\/all-pets.de\/shop\/wp-json\/wp\/v2\/media?parent=45450"}],"wp:term":[{"taxonomy":"product_cat","embeddable":true,"href":"https:\/\/all-pets.de\/shop\/wp-json\/wp\/v2\/product_cat?post=45450"},{"taxonomy":"product_tag","embeddable":true,"href":"https:\/\/all-pets.de\/shop\/wp-json\/wp\/v2\/product_tag?post=45450"}],"curies":[{"name":"wp","href":"https:\/\/api.w.org\/{rel}","templated":true}]}}