{"id":45463,"date":"2023-12-12T10:48:41","date_gmt":"2023-12-12T09:48:41","guid":{"rendered":"https:\/\/pet-shopping.de\/shop\/produkt\/miamor-pastete-huhn-85g\/"},"modified":"2023-12-12T10:48:41","modified_gmt":"2023-12-12T09:48:41","slug":"miamor-pastete-huhn-85g","status":"publish","type":"product","link":"https:\/\/all-pets.de\/shop\/produkt\/miamor-pastete-huhn-85g\/","title":{"rendered":"Miamor Pastete Huhn 85g"},"content":{"rendered":"<p>Besonders zarte Fleischpastete mit allen wichtigen N\u00e4hrstoffen, dieeine Katze braucht. Die zarte Textur l\u00e4sst Katzenherzen h\u00f6herschlagen.Mit einem ausgeglichenem Magnesium Verh\u00e4ltnis &#8211; damit kann derStruvitsteinbildung vorgebeugt werden.<\/p>\n<h4>Alle Informationen im \u00dcberblick<\/h4>\n<ul>\n<li>Magnesium-Balance <\/li>\n<li>portionsgerecht immer frisch serviert<\/li>\n<li>getreidefrei, ohne Soja<\/li>\n<li>ohne Farb- &#038; Konservierungsstoffe<\/li>\n<li>mit nat\u00fcrlichem Taurin<\/li>\n<li>85g-Dose<\/li>\n<li>Alleinfuttermittel f\u00fcr ausgewachsene Katzen<\/li>\n<\/ul>\n<div>Zusammensetzung<\/p>\n<p>Fleisch und tierische Nebenerzeugnisse (u. a. 33% Huhn), Fisch und Fischnebenerzeugnisse, Mineralstoffe.<br \/>Zusatzstoffe<\/p>\n<p>Ern\u00e4hrungsphysiologische Zusatzstoffe \/ kg: Vitamin D3: 356 I.E., Vitamin E: 27 I.E., Zink (als Zink-Sulfat, Monohydrat): 10,2mg, Mangan (als Mangan-(II)-Sulfat, Monohydrat): 1,0mg, Eisen (als Eisen-(II)-Sulfat, Monohydrat): 8,1mg, Kupfer (als Kupfer-(II)-Sulfat, Monohydrat): 0,5mg, Taurin: 280mg.<\/p><\/div>\n<p>N\u00e4hrwertangaben<br \/>Rohprotein\u00a0\u00a0\u00a0 11 %<br \/>Fettgehalt\u00a0\u00a0\u00a0 6,5 %<br \/>Rohfaser\u00a0\u00a0\u00a0 0,2 %<br \/>Rohasche\u00a0\u00a0\u00a0 2 %<br \/>Feuchtegehalt\u00a0\u00a0\u00a0 78 %<br \/>Magnesium\u00a0\u00a0\u00a0 0,02 %<br \/>Kaloriengehalt \/ 100g:\u00a0\u00a0\u00a0 108 kcal<\/p>\n<h4>F\u00fctterungsempfehlung<\/h4>\n<p>Gewicht der Katze 4kg: ca. 2 Dosen pro Tag. <br \/>Gewicht der Katze 6kg: ca. 3 Dosen pro Tag. <\/p>\n","protected":false},"excerpt":{"rendered":"<p>Besonders zarte Fleischpastete mit allen wichtigen N\u00e4hrstoffen, dieeine Katze braucht. Die zarte Textur l\u00e4sst Katzenherzen h\u00f6herschlagen.Mit einem ausgeglichenem Magnesium Verh\u00e4ltnis &#8211; damit kann derStruvitsteinbildung vorgebeugt werden. Alle Informationen im \u00dcberblick Magnesium-Balance portionsgerecht immer frisch serviert getreidefrei, ohne Soja ohne Farb- &#038; Konservierungsstoffe mit nat\u00fcrlichem Taurin 85g-Dose Alleinfuttermittel f\u00fcr ausgewachsene Katzen Zusammensetzung Fleisch und tierische Nebenerzeugnisse [&hellip;]<\/p>\n","protected":false},"featured_media":45464,"comment_status":"closed","ping_status":"open","template":"","meta":[],"product_cat":[13842],"product_tag":[],"class_list":{"0":"post-45463","1":"product","2":"type-product","3":"status-publish","4":"has-post-thumbnail","6":"product_cat-miamor","8":"first","9":"instock","10":"taxable","11":"shipping-taxable","12":"purchasable","13":"product-type-simple"},"_links":{"self":[{"href":"https:\/\/all-pets.de\/shop\/wp-json\/wp\/v2\/product\/45463","targetHints":{"allow":["GET"]}}],"collection":[{"href":"https:\/\/all-pets.de\/shop\/wp-json\/wp\/v2\/product"}],"about":[{"href":"https:\/\/all-pets.de\/shop\/wp-json\/wp\/v2\/types\/product"}],"replies":[{"embeddable":true,"href":"https:\/\/all-pets.de\/shop\/wp-json\/wp\/v2\/comments?post=45463"}],"wp:featuredmedia":[{"embeddable":true,"href":"https:\/\/all-pets.de\/shop\/wp-json\/wp\/v2\/media\/45464"}],"wp:attachment":[{"href":"https:\/\/all-pets.de\/shop\/wp-json\/wp\/v2\/media?parent=45463"}],"wp:term":[{"taxonomy":"product_cat","embeddable":true,"href":"https:\/\/all-pets.de\/shop\/wp-json\/wp\/v2\/product_cat?post=45463"},{"taxonomy":"product_tag","embeddable":true,"href":"https:\/\/all-pets.de\/shop\/wp-json\/wp\/v2\/product_tag?post=45463"}],"curies":[{"name":"wp","href":"https:\/\/api.w.org\/{rel}","templated":true}]}}