{"id":45473,"date":"2023-12-12T10:48:41","date_gmt":"2023-12-12T09:48:41","guid":{"rendered":"https:\/\/pet-shopping.de\/shop\/produkt\/jr-farm-grainless-farmys-ringelblume-malve-2er\/"},"modified":"2023-12-12T10:48:42","modified_gmt":"2023-12-12T09:48:42","slug":"jr-farm-grainless-farmys-ringelblume-malve-2er","status":"publish","type":"product","link":"https:\/\/all-pets.de\/shop\/produkt\/jr-farm-grainless-farmys-ringelblume-malve-2er\/","title":{"rendered":"JR Farm Grainless FARMYs Ringelblume-Malve 2er"},"content":{"rendered":"<div>Die lecker gebackenen Grainless Farmys sind frei von Getreide und zuckerreichen Zutaten.<\/div>\n<div>\u00a0<\/div>\n<div>F\u00fctterungsempfehlung:<\/div>\n<div>Zu f\u00fcttern als Snack.<\/div>\n<div>\u00a0<\/div>\n<div>Zusammensetzung:<\/div>\n<div>Erbsenmehl, Graspflanzensaat, Kanariengrassaat,<\/div>\n<div>Brennnessel, Buchweizen, Malve 3%, Petersilienstiele,<\/div>\n<div>Karotten, Hanfsaat, Leinsaat, Fenchelsaat, Pfefferminze,<\/div>\n<div>L\u00f6wenzahn, Schwarzk\u00fcmmel, Ringelblumenbl\u00fcten 0,5%<\/div>\n<div>\u00a0<\/div>\n<div>140 g<\/div>\n<div>\u00a0<\/div>\n<div>\u00a0<\/div>\n","protected":false},"excerpt":{"rendered":"<p>Die lecker gebackenen Grainless Farmys sind frei von Getreide und zuckerreichen Zutaten. \u00a0 F\u00fctterungsempfehlung: Zu f\u00fcttern als Snack. \u00a0 Zusammensetzung: Erbsenmehl, Graspflanzensaat, Kanariengrassaat, Brennnessel, Buchweizen, Malve 3%, Petersilienstiele, Karotten, Hanfsaat, Leinsaat, Fenchelsaat, Pfefferminze, L\u00f6wenzahn, Schwarzk\u00fcmmel, Ringelblumenbl\u00fcten 0,5% \u00a0 140 g \u00a0 \u00a0<\/p>\n","protected":false},"featured_media":4633,"comment_status":"closed","ping_status":"open","template":"","meta":[],"product_cat":[13966],"product_tag":[],"class_list":{"0":"post-45473","1":"product","2":"type-product","3":"status-publish","4":"has-post-thumbnail","6":"product_cat-degu","8":"first","9":"instock","10":"taxable","11":"shipping-taxable","12":"purchasable","13":"product-type-simple"},"_links":{"self":[{"href":"https:\/\/all-pets.de\/shop\/wp-json\/wp\/v2\/product\/45473","targetHints":{"allow":["GET"]}}],"collection":[{"href":"https:\/\/all-pets.de\/shop\/wp-json\/wp\/v2\/product"}],"about":[{"href":"https:\/\/all-pets.de\/shop\/wp-json\/wp\/v2\/types\/product"}],"replies":[{"embeddable":true,"href":"https:\/\/all-pets.de\/shop\/wp-json\/wp\/v2\/comments?post=45473"}],"wp:featuredmedia":[{"embeddable":true,"href":"https:\/\/all-pets.de\/shop\/wp-json\/wp\/v2\/media\/4633"}],"wp:attachment":[{"href":"https:\/\/all-pets.de\/shop\/wp-json\/wp\/v2\/media?parent=45473"}],"wp:term":[{"taxonomy":"product_cat","embeddable":true,"href":"https:\/\/all-pets.de\/shop\/wp-json\/wp\/v2\/product_cat?post=45473"},{"taxonomy":"product_tag","embeddable":true,"href":"https:\/\/all-pets.de\/shop\/wp-json\/wp\/v2\/product_tag?post=45473"}],"curies":[{"name":"wp","href":"https:\/\/api.w.org\/{rel}","templated":true}]}}