{"id":45474,"date":"2023-12-12T10:48:41","date_gmt":"2023-12-12T09:48:41","guid":{"rendered":"https:\/\/pet-shopping.de\/shop\/produkt\/jr-farm-grainless-farmys-sonnenblume-kamille-2er\/"},"modified":"2023-12-12T10:48:42","modified_gmt":"2023-12-12T09:48:42","slug":"jr-farm-grainless-farmys-sonnenblume-kamille-2er","status":"publish","type":"product","link":"https:\/\/all-pets.de\/shop\/produkt\/jr-farm-grainless-farmys-sonnenblume-kamille-2er\/","title":{"rendered":"JR Farm Grainless FARMYs Sonnenblume-Kamille 2er"},"content":{"rendered":"<p>FARMYs Grainless Sonnenblume-Kamille<br \/> &#8211; Erg\u00e4nzungsfuttermittel f\u00fcr Zwergkaninchen, Meerschweinchen, Ratten, Hamster, M\u00e4use, Chinchillas und Degus<\/p>\n<p>Grainless &#8211; getreidefrei f\u00fcttern <br \/> Die lecker gebackenen FARMYs Grainless sind frei von Getreide und zuckerreichen Zutaten.<\/p>\n<p>Grainless ist &#8230; <br \/> &#8211; &#8230; die artgerechte und naturnahe Mischung aus vielen Gr\u00e4sern, aromatischen Kr\u00e4utern, leckeren Bl\u00fcten und vitaminreichem Gem\u00fcse<br \/> &#8211; &#8230; zu 100% frei von Getreide und Getreidenebenprodukten<br \/> &#8211; &#8230; besonders calciumarm und unterst\u00fctzt mit seinem nat\u00fcrlich hohen Rohfasergehalt den Zahnabrieb und die Verdauung<br \/> &#8211; &#8230; reich an nat\u00fcrlichen Vitaminen, wertvollen Spurenelementen und dem Plus an unges\u00e4ttigten Fetts\u00e4uren aus frischer Leinsaat, Fenchel und Schwarzk\u00fcmmel <br \/> &#8211; &#8230; ist frei von zuckerreichen Zutaten, Trester und Schrot<br \/> &#8211; Grainless enth\u00e4lt keine k\u00fcnstlichen Farbstoffe, Aromen und gentechnisch ver\u00e4nderte Zutaten<\/p>\n<p>Zusammensetzung: <br \/> Gem\u00fcse, Saaten, pflanzliche Nebenerzeugnisse, Sonnenblumenbl\u00fcten, Kamille, Ei und Eierzeugnisse<\/p>\n<p>Qualit\u00e4t aus Bayern!<br \/> JR Farm hat es sich zur Aufgabe gemacht, artgerechtes und gesundes Futter f\u00fcr Heimtiere zu produzieren.<br \/> Im eigenen landwirtschaftlichen Betrieb erntet JR Farm viele der verwendeten Rohstoffe und kann so beste bayerische Qualit\u00e4t garantieren. <br \/> Die Liebe zu den Tieren und der t\u00e4gliche Umgang mit Ihnen bildet den Antrieb um immer neue, gesunde, bedarfsgerechte Leckerbissen zu entwickeln.<\/p>\n<p><\/p>\n","protected":false},"excerpt":{"rendered":"<p>FARMYs Grainless Sonnenblume-Kamille &#8211; Erg\u00e4nzungsfuttermittel f\u00fcr Zwergkaninchen, Meerschweinchen, Ratten, Hamster, M\u00e4use, Chinchillas und Degus Grainless &#8211; getreidefrei f\u00fcttern Die lecker gebackenen FARMYs Grainless sind frei von Getreide und zuckerreichen Zutaten. Grainless ist &#8230; &#8211; &#8230; die artgerechte und naturnahe Mischung aus vielen Gr\u00e4sern, aromatischen Kr\u00e4utern, leckeren Bl\u00fcten und vitaminreichem Gem\u00fcse &#8211; &#8230; zu 100% frei [&hellip;]<\/p>\n","protected":false},"featured_media":4635,"comment_status":"closed","ping_status":"open","template":"","meta":[],"product_cat":[13972],"product_tag":[],"class_list":{"0":"post-45474","1":"product","2":"type-product","3":"status-publish","4":"has-post-thumbnail","6":"product_cat-zwergkaninchen","8":"first","9":"instock","10":"taxable","11":"shipping-taxable","12":"purchasable","13":"product-type-simple"},"_links":{"self":[{"href":"https:\/\/all-pets.de\/shop\/wp-json\/wp\/v2\/product\/45474","targetHints":{"allow":["GET"]}}],"collection":[{"href":"https:\/\/all-pets.de\/shop\/wp-json\/wp\/v2\/product"}],"about":[{"href":"https:\/\/all-pets.de\/shop\/wp-json\/wp\/v2\/types\/product"}],"replies":[{"embeddable":true,"href":"https:\/\/all-pets.de\/shop\/wp-json\/wp\/v2\/comments?post=45474"}],"wp:featuredmedia":[{"embeddable":true,"href":"https:\/\/all-pets.de\/shop\/wp-json\/wp\/v2\/media\/4635"}],"wp:attachment":[{"href":"https:\/\/all-pets.de\/shop\/wp-json\/wp\/v2\/media?parent=45474"}],"wp:term":[{"taxonomy":"product_cat","embeddable":true,"href":"https:\/\/all-pets.de\/shop\/wp-json\/wp\/v2\/product_cat?post=45474"},{"taxonomy":"product_tag","embeddable":true,"href":"https:\/\/all-pets.de\/shop\/wp-json\/wp\/v2\/product_tag?post=45474"}],"curies":[{"name":"wp","href":"https:\/\/api.w.org\/{rel}","templated":true}]}}