{"id":45480,"date":"2023-12-12T10:48:41","date_gmt":"2023-12-12T09:48:41","guid":{"rendered":"https:\/\/pet-shopping.de\/shop\/produkt\/jr-farm-petersilienstiele-150g\/"},"modified":"2023-12-12T10:48:43","modified_gmt":"2023-12-12T09:48:43","slug":"jr-farm-petersilienstiele-150g","status":"publish","type":"product","link":"https:\/\/all-pets.de\/shop\/produkt\/jr-farm-petersilienstiele-150g\/","title":{"rendered":"JR Farm Petersilienstiele 150g"},"content":{"rendered":"<p>Petersilienstiele \u00a0sind ein gesundes Raufuttermittel f\u00fcr jeden Tag. Der aromatische Leckerbissen mit viel nat\u00fcrlichem Vitamin C ist vor allem f\u00fcr Meerschweinchen, aber auch f\u00fcr alle anderen Nager bestens geeignet. Mit viel Calcium f\u00fcr den Knochenaufbau. Der hohe Rohfasergehalt sorgt f\u00fcr eine optimale<\/p>\n<div>Verdauung und steigert somit das Wohlbefinden.<\/div>\n<div>\u00a0<\/div>\n<div>F\u00fctterungsempfehlung:<\/div>\n<div>Gemischt mit Heu oder anderen Kr\u00e4utern, oder zus\u00e4tzlich zur t\u00e4glichen Heuration.<\/div>\n<div>\u00a0<\/div>\n<div>Analytische Bestandteile:<\/div>\n<div>Protein: 20,5%, Fettgehalt: 3,0%, Rohfaser: 14,4%, Rohasche:<\/div>\n<div>16,7%, Feuchtigkeit: 4,6%<\/div>\n<div>\u00a0<\/div>\n","protected":false},"excerpt":{"rendered":"<p>Petersilienstiele \u00a0sind ein gesundes Raufuttermittel f\u00fcr jeden Tag. Der aromatische Leckerbissen mit viel nat\u00fcrlichem Vitamin C ist vor allem f\u00fcr Meerschweinchen, aber auch f\u00fcr alle anderen Nager bestens geeignet. Mit viel Calcium f\u00fcr den Knochenaufbau. Der hohe Rohfasergehalt sorgt f\u00fcr eine optimale Verdauung und steigert somit das Wohlbefinden. \u00a0 F\u00fctterungsempfehlung: Gemischt mit Heu oder anderen [&hellip;]<\/p>\n","protected":false},"featured_media":4643,"comment_status":"closed","ping_status":"open","template":"","meta":[],"product_cat":[13830],"product_tag":[],"class_list":{"0":"post-45480","1":"product","2":"type-product","3":"status-publish","4":"has-post-thumbnail","6":"product_cat-meerschweinchen","8":"first","9":"instock","10":"taxable","11":"shipping-taxable","12":"purchasable","13":"product-type-simple"},"_links":{"self":[{"href":"https:\/\/all-pets.de\/shop\/wp-json\/wp\/v2\/product\/45480","targetHints":{"allow":["GET"]}}],"collection":[{"href":"https:\/\/all-pets.de\/shop\/wp-json\/wp\/v2\/product"}],"about":[{"href":"https:\/\/all-pets.de\/shop\/wp-json\/wp\/v2\/types\/product"}],"replies":[{"embeddable":true,"href":"https:\/\/all-pets.de\/shop\/wp-json\/wp\/v2\/comments?post=45480"}],"wp:featuredmedia":[{"embeddable":true,"href":"https:\/\/all-pets.de\/shop\/wp-json\/wp\/v2\/media\/4643"}],"wp:attachment":[{"href":"https:\/\/all-pets.de\/shop\/wp-json\/wp\/v2\/media?parent=45480"}],"wp:term":[{"taxonomy":"product_cat","embeddable":true,"href":"https:\/\/all-pets.de\/shop\/wp-json\/wp\/v2\/product_cat?post=45480"},{"taxonomy":"product_tag","embeddable":true,"href":"https:\/\/all-pets.de\/shop\/wp-json\/wp\/v2\/product_tag?post=45480"}],"curies":[{"name":"wp","href":"https:\/\/api.w.org\/{rel}","templated":true}]}}