{"id":45481,"date":"2023-12-12T10:48:41","date_gmt":"2023-12-12T09:48:41","guid":{"rendered":"https:\/\/pet-shopping.de\/shop\/produkt\/jr-farm-sonnenhut-luzerne-klee-100g\/"},"modified":"2023-12-12T10:48:43","modified_gmt":"2023-12-12T09:48:43","slug":"jr-farm-sonnenhut-luzerne-klee-100g","status":"publish","type":"product","link":"https:\/\/all-pets.de\/shop\/produkt\/jr-farm-sonnenhut-luzerne-klee-100g\/","title":{"rendered":"JR Farm Sonnenhut &#038; Luzerne-Klee 100g"},"content":{"rendered":"<p>Sonnenhut &#038; Luzerne-Klee <br \/> &#8211; gesundes Raufutter f\u00fcr jeden Tag <\/p>\n<p> Mit dem nat\u00fcrlichen Wirkstoff der Echinacea-Pflanze, dem Echinacin, wirkt sich der Sonnenhut positiv auf das Immunsystem Ihres Tieres aus und tr\u00e4gt damit zur Gesundheit des Tieres bei. <br \/> Der hohe Rohfasergehalt sorgt f\u00fcr eine optimale Verdauung und steigert somit das Wohlbefinden. F\u00fctterungsempfehlung: Gemischt mit Heu oder anderen Kr\u00e4utern, oder zus\u00e4tzlich zur t\u00e4glichen Heuration. <\/p>\n<p> Zusammensetzung: Sonnenhut (50%), Luzerne-Klee (50%), <\/p>\n<p> Inhaltsstoffe: <br \/> Rohprotein: 15,6%<br \/> Rohfett: 2,1%<br \/> Rohfaser: 24,1%<br \/> Rohasche: 9,2%<br \/> Feuchtigkeit: 10,7% <\/p>\n","protected":false},"excerpt":{"rendered":"<p>Sonnenhut &#038; Luzerne-Klee &#8211; gesundes Raufutter f\u00fcr jeden Tag Mit dem nat\u00fcrlichen Wirkstoff der Echinacea-Pflanze, dem Echinacin, wirkt sich der Sonnenhut positiv auf das Immunsystem Ihres Tieres aus und tr\u00e4gt damit zur Gesundheit des Tieres bei. Der hohe Rohfasergehalt sorgt f\u00fcr eine optimale Verdauung und steigert somit das Wohlbefinden. F\u00fctterungsempfehlung: Gemischt mit Heu oder anderen [&hellip;]<\/p>\n","protected":false},"featured_media":4645,"comment_status":"closed","ping_status":"open","template":"","meta":[],"product_cat":[13830],"product_tag":[],"class_list":{"0":"post-45481","1":"product","2":"type-product","3":"status-publish","4":"has-post-thumbnail","6":"product_cat-meerschweinchen","8":"first","9":"instock","10":"taxable","11":"shipping-taxable","12":"purchasable","13":"product-type-simple"},"_links":{"self":[{"href":"https:\/\/all-pets.de\/shop\/wp-json\/wp\/v2\/product\/45481","targetHints":{"allow":["GET"]}}],"collection":[{"href":"https:\/\/all-pets.de\/shop\/wp-json\/wp\/v2\/product"}],"about":[{"href":"https:\/\/all-pets.de\/shop\/wp-json\/wp\/v2\/types\/product"}],"replies":[{"embeddable":true,"href":"https:\/\/all-pets.de\/shop\/wp-json\/wp\/v2\/comments?post=45481"}],"wp:featuredmedia":[{"embeddable":true,"href":"https:\/\/all-pets.de\/shop\/wp-json\/wp\/v2\/media\/4645"}],"wp:attachment":[{"href":"https:\/\/all-pets.de\/shop\/wp-json\/wp\/v2\/media?parent=45481"}],"wp:term":[{"taxonomy":"product_cat","embeddable":true,"href":"https:\/\/all-pets.de\/shop\/wp-json\/wp\/v2\/product_cat?post=45481"},{"taxonomy":"product_tag","embeddable":true,"href":"https:\/\/all-pets.de\/shop\/wp-json\/wp\/v2\/product_tag?post=45481"}],"curies":[{"name":"wp","href":"https:\/\/api.w.org\/{rel}","templated":true}]}}