{"id":45483,"date":"2023-12-12T10:48:41","date_gmt":"2023-12-12T09:48:41","guid":{"rendered":"https:\/\/pet-shopping.de\/shop\/produkt\/karlie-flamingo-katzentoilette-graffiti\/"},"modified":"2023-12-12T10:48:44","modified_gmt":"2023-12-12T09:48:44","slug":"karlie-flamingo-katzentoilette-graffiti","status":"publish","type":"product","link":"https:\/\/all-pets.de\/shop\/produkt\/karlie-flamingo-katzentoilette-graffiti\/","title":{"rendered":"Karlie Flamingo Katzentoilette Graffiti"},"content":{"rendered":"<p>Die Katzentoilette Graffiti f\u00e4llt vorallem durch ihr modernes Design auf. Katzenbesitzern wird aber auch die komfortable H\u00f6he auffallen: hinten erh\u00f6ht, damit das Katzenstreu nicht herausgescharrt wird oder etwas daneben geht und vorne f\u00fcr einen leichteren Einstieg etwas abgesenkt. Der Rand l\u00e4sst sich leicht abnehmen und macht die Reinigung somit einfach.<\/p>\n<p>Ma\u00dfe: ca. 51 x 38 x 19 cm (LxBxH)<br \/> Inhalt: 1 St\u00fcck<\/p>\n","protected":false},"excerpt":{"rendered":"<p>Die Katzentoilette Graffiti f\u00e4llt vorallem durch ihr modernes Design auf. Katzenbesitzern wird aber auch die komfortable H\u00f6he auffallen: hinten erh\u00f6ht, damit das Katzenstreu nicht herausgescharrt wird oder etwas daneben geht und vorne f\u00fcr einen leichteren Einstieg etwas abgesenkt. Der Rand l\u00e4sst sich leicht abnehmen und macht die Reinigung somit einfach. Ma\u00dfe: ca. 51 x 38 [&hellip;]<\/p>\n","protected":false},"featured_media":24213,"comment_status":"closed","ping_status":"open","template":"","meta":[],"product_cat":[13941],"product_tag":[],"class_list":{"0":"post-45483","1":"product","2":"type-product","3":"status-publish","4":"has-post-thumbnail","6":"product_cat-katzentoiletten","8":"first","9":"instock","10":"taxable","11":"shipping-taxable","12":"purchasable","13":"product-type-simple"},"_links":{"self":[{"href":"https:\/\/all-pets.de\/shop\/wp-json\/wp\/v2\/product\/45483","targetHints":{"allow":["GET"]}}],"collection":[{"href":"https:\/\/all-pets.de\/shop\/wp-json\/wp\/v2\/product"}],"about":[{"href":"https:\/\/all-pets.de\/shop\/wp-json\/wp\/v2\/types\/product"}],"replies":[{"embeddable":true,"href":"https:\/\/all-pets.de\/shop\/wp-json\/wp\/v2\/comments?post=45483"}],"wp:featuredmedia":[{"embeddable":true,"href":"https:\/\/all-pets.de\/shop\/wp-json\/wp\/v2\/media\/24213"}],"wp:attachment":[{"href":"https:\/\/all-pets.de\/shop\/wp-json\/wp\/v2\/media?parent=45483"}],"wp:term":[{"taxonomy":"product_cat","embeddable":true,"href":"https:\/\/all-pets.de\/shop\/wp-json\/wp\/v2\/product_cat?post=45483"},{"taxonomy":"product_tag","embeddable":true,"href":"https:\/\/all-pets.de\/shop\/wp-json\/wp\/v2\/product_tag?post=45483"}],"curies":[{"name":"wp","href":"https:\/\/api.w.org\/{rel}","templated":true}]}}