{"id":45485,"date":"2023-12-12T10:48:45","date_gmt":"2023-12-12T09:48:45","guid":{"rendered":"https:\/\/pet-shopping.de\/shop\/produkt\/jr-farm-fruechte-traum-200g\/"},"modified":"2023-12-12T10:48:45","modified_gmt":"2023-12-12T09:48:45","slug":"jr-farm-fruechte-traum-200g","status":"publish","type":"product","link":"https:\/\/all-pets.de\/shop\/produkt\/jr-farm-fruechte-traum-200g\/","title":{"rendered":"JR Farm Fr\u00fcchte-Traum 200g"},"content":{"rendered":"<div>Erg\u00e4nzungsfuttermittel f\u00fcr alle Nager und Zwergkaninchen au\u00dfer Degus, Zwerghamster und Rennm\u00e4use.<\/div>\n<div>\u00a0<\/div>\n<div>\n<div>Fr\u00fcchte-Traum ist ein schmackhafter Leckerbissen mit vielen tropischen Fr\u00fcchten und N\u00fcssen. Unter anderem mit aromatischer Aprikose, fruchtigen Bananen und exotischer Ananas.<\/div>\n<div>\u00a0<\/div>\n<div>F\u00fctterungsempfehlung:<\/div>\n<div>Je nach Gr\u00f6\u00dfe des Tieres t\u00e4glich bis zu 4 Teel\u00f6ffel pur oder untergemischt im Hauptfutter.<\/div>\n<div>\u00a0<\/div>\n<div>Zusammensetzung:<\/div>\n<div>extrudiertes Maismehl, Maisflocken, Johannisbrot, Mais, Erdn\u00fcsse, Erbsen, Bananen, Sonnenblumensaat, Ananas 1,2%, Waln\u00fcsse 1%, Haseln\u00fcsse, Aprikosen <\/div>\n<div>\u00a0<\/div>\n<div>Zusatzstoffe:<\/div>\n<div>Farbstoffe (E102, E124, E131) <\/div>\n<div>\u00a0<\/div>\n<div>Analytische Bestandteile:<\/div>\n<div>Protein 11,2%, Fettgehalt 10,5%, Rohfaser 7,2%, Rohasche 2,0% <\/div>\n<div>\u00a0<\/div>\n<\/div>\n","protected":false},"excerpt":{"rendered":"<p>Erg\u00e4nzungsfuttermittel f\u00fcr alle Nager und Zwergkaninchen au\u00dfer Degus, Zwerghamster und Rennm\u00e4use. \u00a0 Fr\u00fcchte-Traum ist ein schmackhafter Leckerbissen mit vielen tropischen Fr\u00fcchten und N\u00fcssen. Unter anderem mit aromatischer Aprikose, fruchtigen Bananen und exotischer Ananas. \u00a0 F\u00fctterungsempfehlung: Je nach Gr\u00f6\u00dfe des Tieres t\u00e4glich bis zu 4 Teel\u00f6ffel pur oder untergemischt im Hauptfutter. \u00a0 Zusammensetzung: extrudiertes Maismehl, Maisflocken, [&hellip;]<\/p>\n","protected":false},"featured_media":4649,"comment_status":"closed","ping_status":"open","template":"","meta":[],"product_cat":[13985],"product_tag":[],"class_list":{"0":"post-45485","1":"product","2":"type-product","3":"status-publish","4":"has-post-thumbnail","6":"product_cat-degu-kleintierfutter-snacks-2","8":"first","9":"instock","10":"taxable","11":"shipping-taxable","12":"purchasable","13":"product-type-simple"},"_links":{"self":[{"href":"https:\/\/all-pets.de\/shop\/wp-json\/wp\/v2\/product\/45485","targetHints":{"allow":["GET"]}}],"collection":[{"href":"https:\/\/all-pets.de\/shop\/wp-json\/wp\/v2\/product"}],"about":[{"href":"https:\/\/all-pets.de\/shop\/wp-json\/wp\/v2\/types\/product"}],"replies":[{"embeddable":true,"href":"https:\/\/all-pets.de\/shop\/wp-json\/wp\/v2\/comments?post=45485"}],"wp:featuredmedia":[{"embeddable":true,"href":"https:\/\/all-pets.de\/shop\/wp-json\/wp\/v2\/media\/4649"}],"wp:attachment":[{"href":"https:\/\/all-pets.de\/shop\/wp-json\/wp\/v2\/media?parent=45485"}],"wp:term":[{"taxonomy":"product_cat","embeddable":true,"href":"https:\/\/all-pets.de\/shop\/wp-json\/wp\/v2\/product_cat?post=45485"},{"taxonomy":"product_tag","embeddable":true,"href":"https:\/\/all-pets.de\/shop\/wp-json\/wp\/v2\/product_tag?post=45485"}],"curies":[{"name":"wp","href":"https:\/\/api.w.org\/{rel}","templated":true}]}}