{"id":45487,"date":"2023-12-12T10:48:45","date_gmt":"2023-12-12T09:48:45","guid":{"rendered":"https:\/\/pet-shopping.de\/shop\/produkt\/jr-farm-kaese-snack-50g\/"},"modified":"2023-12-12T10:48:45","modified_gmt":"2023-12-12T09:48:45","slug":"jr-farm-kaese-snack-50g","status":"publish","type":"product","link":"https:\/\/all-pets.de\/shop\/produkt\/jr-farm-kaese-snack-50g\/","title":{"rendered":"JR Farm K\u00e4se-Snack 50g"},"content":{"rendered":"<p>K\u00e4se-Snack<br \/> &#8211; Erg\u00e4nzungsfuttermittel f\u00fcr M\u00e4use, Hamster und Ratten<\/p>\n<p>JR FARM K\u00e4se-Snack wird aus 10% molkereifrischem Edamerk\u00e4se hergestellt! <\/p>\n<p>Zusammensetzung<br \/> Getreideextrudate (mind. 10% Edamerk\u00e4se), Mais gepoppt, Bananen <\/p>\n<p> Analyse<br \/> Rohasche 4.1 % <br \/> Rohfaser 8.8 % <br \/> Rohfett 6.5 % <br \/> Rohprotein 15.6 % <\/p>\n","protected":false},"excerpt":{"rendered":"<p>K\u00e4se-Snack &#8211; Erg\u00e4nzungsfuttermittel f\u00fcr M\u00e4use, Hamster und Ratten JR FARM K\u00e4se-Snack wird aus 10% molkereifrischem Edamerk\u00e4se hergestellt! Zusammensetzung Getreideextrudate (mind. 10% Edamerk\u00e4se), Mais gepoppt, Bananen Analyse Rohasche 4.1 % Rohfaser 8.8 % Rohfett 6.5 % Rohprotein 15.6 %<\/p>\n","protected":false},"featured_media":4654,"comment_status":"closed","ping_status":"open","template":"","meta":[],"product_cat":[13986],"product_tag":[],"class_list":{"0":"post-45487","1":"product","2":"type-product","3":"status-publish","4":"has-post-thumbnail","6":"product_cat-zwerg-hamster","8":"first","9":"instock","10":"taxable","11":"shipping-taxable","12":"purchasable","13":"product-type-simple"},"_links":{"self":[{"href":"https:\/\/all-pets.de\/shop\/wp-json\/wp\/v2\/product\/45487","targetHints":{"allow":["GET"]}}],"collection":[{"href":"https:\/\/all-pets.de\/shop\/wp-json\/wp\/v2\/product"}],"about":[{"href":"https:\/\/all-pets.de\/shop\/wp-json\/wp\/v2\/types\/product"}],"replies":[{"embeddable":true,"href":"https:\/\/all-pets.de\/shop\/wp-json\/wp\/v2\/comments?post=45487"}],"wp:featuredmedia":[{"embeddable":true,"href":"https:\/\/all-pets.de\/shop\/wp-json\/wp\/v2\/media\/4654"}],"wp:attachment":[{"href":"https:\/\/all-pets.de\/shop\/wp-json\/wp\/v2\/media?parent=45487"}],"wp:term":[{"taxonomy":"product_cat","embeddable":true,"href":"https:\/\/all-pets.de\/shop\/wp-json\/wp\/v2\/product_cat?post=45487"},{"taxonomy":"product_tag","embeddable":true,"href":"https:\/\/all-pets.de\/shop\/wp-json\/wp\/v2\/product_tag?post=45487"}],"curies":[{"name":"wp","href":"https:\/\/api.w.org\/{rel}","templated":true}]}}