{"id":45489,"date":"2023-12-12T10:48:45","date_gmt":"2023-12-12T09:48:45","guid":{"rendered":"https:\/\/pet-shopping.de\/shop\/produkt\/trixie-liegematte-nani\/"},"modified":"2023-12-12T10:48:46","modified_gmt":"2023-12-12T09:48:46","slug":"trixie-liegematte-nani","status":"publish","type":"product","link":"https:\/\/all-pets.de\/shop\/produkt\/trixie-liegematte-nani\/","title":{"rendered":"Trixie Liegematte Nani"},"content":{"rendered":"<ul>\n<li> f\u00fcr kleine Katzen <\/li>\n<li> Pl\u00fcsch-Bezug <\/li>\n<li> d\u00fcnne Schaumstoff-F\u00fcllung <\/li>\n<li> rutschfester Boden <\/li>\n<\/ul>\n<p>Ma\u00dfe: 40 \u00d7 30 cm<br \/> Farbe: grau<\/p>\n","protected":false},"excerpt":{"rendered":"<p>f\u00fcr kleine Katzen Pl\u00fcsch-Bezug d\u00fcnne Schaumstoff-F\u00fcllung rutschfester Boden Ma\u00dfe: 40 \u00d7 30 cm Farbe: grau<\/p>\n","protected":false},"featured_media":5788,"comment_status":"closed","ping_status":"open","template":"","meta":[],"product_cat":[13987],"product_tag":[],"class_list":{"0":"post-45489","1":"product","2":"type-product","3":"status-publish","4":"has-post-thumbnail","6":"product_cat-katzenkissen","8":"first","9":"instock","10":"taxable","11":"shipping-taxable","12":"purchasable","13":"product-type-simple"},"_links":{"self":[{"href":"https:\/\/all-pets.de\/shop\/wp-json\/wp\/v2\/product\/45489","targetHints":{"allow":["GET"]}}],"collection":[{"href":"https:\/\/all-pets.de\/shop\/wp-json\/wp\/v2\/product"}],"about":[{"href":"https:\/\/all-pets.de\/shop\/wp-json\/wp\/v2\/types\/product"}],"replies":[{"embeddable":true,"href":"https:\/\/all-pets.de\/shop\/wp-json\/wp\/v2\/comments?post=45489"}],"wp:featuredmedia":[{"embeddable":true,"href":"https:\/\/all-pets.de\/shop\/wp-json\/wp\/v2\/media\/5788"}],"wp:attachment":[{"href":"https:\/\/all-pets.de\/shop\/wp-json\/wp\/v2\/media?parent=45489"}],"wp:term":[{"taxonomy":"product_cat","embeddable":true,"href":"https:\/\/all-pets.de\/shop\/wp-json\/wp\/v2\/product_cat?post=45489"},{"taxonomy":"product_tag","embeddable":true,"href":"https:\/\/all-pets.de\/shop\/wp-json\/wp\/v2\/product_tag?post=45489"}],"curies":[{"name":"wp","href":"https:\/\/api.w.org\/{rel}","templated":true}]}}