{"id":45490,"date":"2023-12-12T10:48:45","date_gmt":"2023-12-12T09:48:45","guid":{"rendered":"https:\/\/pet-shopping.de\/shop\/produkt\/jr-farm-knabber-hoelzer-apfelbaum-100g\/"},"modified":"2023-12-12T10:48:46","modified_gmt":"2023-12-12T09:48:46","slug":"jr-farm-knabber-hoelzer-apfelbaum-100g","status":"publish","type":"product","link":"https:\/\/all-pets.de\/shop\/produkt\/jr-farm-knabber-hoelzer-apfelbaum-100g\/","title":{"rendered":"JR Farm Knabber-H\u00f6lzer Apfelbaum 100g"},"content":{"rendered":"<p>Knabber-H\u00f6lzer Apfelbaum &#8211; Einzelfuttermittel f\u00fcr alle Nager<\/p>\n<p> JR FARM Knabber-H\u00f6lzer Apfelbaum unterst\u00fctzen den wichtigen Zahnabrieb auf nat\u00fcrliche Weise und sorgen f\u00fcr Langzeitbesch\u00e4ftigung. <br \/> Beste Qualit\u00e4t vom Lande, die H\u00f6lzer werden regelm\u00e4\u00dfig von einem unabh\u00e4ngigen Institut auf Fremdstoff-Belastung untersucht! <\/p>\n<p> Zusammensetzung: 100% Apfelbaum-H\u00f6lzer <\/p>\n<p><\/p>\n","protected":false},"excerpt":{"rendered":"<p>Knabber-H\u00f6lzer Apfelbaum &#8211; Einzelfuttermittel f\u00fcr alle Nager JR FARM Knabber-H\u00f6lzer Apfelbaum unterst\u00fctzen den wichtigen Zahnabrieb auf nat\u00fcrliche Weise und sorgen f\u00fcr Langzeitbesch\u00e4ftigung. Beste Qualit\u00e4t vom Lande, die H\u00f6lzer werden regelm\u00e4\u00dfig von einem unabh\u00e4ngigen Institut auf Fremdstoff-Belastung untersucht! Zusammensetzung: 100% Apfelbaum-H\u00f6lzer<\/p>\n","protected":false},"featured_media":4657,"comment_status":"closed","ping_status":"open","template":"","meta":[],"product_cat":[13990],"product_tag":[],"class_list":{"0":"post-45490","1":"product","2":"type-product","3":"status-publish","4":"has-post-thumbnail","6":"product_cat-ratte-kleintierfutter-snacks-degukleintierwelt-kleintierfutter-snacks-2","8":"first","9":"instock","10":"taxable","11":"shipping-taxable","12":"purchasable","13":"product-type-simple"},"_links":{"self":[{"href":"https:\/\/all-pets.de\/shop\/wp-json\/wp\/v2\/product\/45490","targetHints":{"allow":["GET"]}}],"collection":[{"href":"https:\/\/all-pets.de\/shop\/wp-json\/wp\/v2\/product"}],"about":[{"href":"https:\/\/all-pets.de\/shop\/wp-json\/wp\/v2\/types\/product"}],"replies":[{"embeddable":true,"href":"https:\/\/all-pets.de\/shop\/wp-json\/wp\/v2\/comments?post=45490"}],"wp:featuredmedia":[{"embeddable":true,"href":"https:\/\/all-pets.de\/shop\/wp-json\/wp\/v2\/media\/4657"}],"wp:attachment":[{"href":"https:\/\/all-pets.de\/shop\/wp-json\/wp\/v2\/media?parent=45490"}],"wp:term":[{"taxonomy":"product_cat","embeddable":true,"href":"https:\/\/all-pets.de\/shop\/wp-json\/wp\/v2\/product_cat?post=45490"},{"taxonomy":"product_tag","embeddable":true,"href":"https:\/\/all-pets.de\/shop\/wp-json\/wp\/v2\/product_tag?post=45490"}],"curies":[{"name":"wp","href":"https:\/\/api.w.org\/{rel}","templated":true}]}}