{"id":45510,"date":"2023-12-12T10:48:48","date_gmt":"2023-12-12T09:48:48","guid":{"rendered":"https:\/\/pet-shopping.de\/shop\/produkt\/jr-farm-farmys-apfel-2er\/"},"modified":"2023-12-12T10:48:49","modified_gmt":"2023-12-12T09:48:49","slug":"jr-farm-farmys-apfel-2er","status":"publish","type":"product","link":"https:\/\/all-pets.de\/shop\/produkt\/jr-farm-farmys-apfel-2er\/","title":{"rendered":"JR Farm FARMYs Apfel 2er"},"content":{"rendered":"<div>Die lecker gebackenen Farmys mit Ei und vielen gesunden Zutaten.<\/div>\n<div>\u00a0<\/div>\n<div>F\u00fctterungsempfehlung:<\/div>\n<div>Zu f\u00fcttern als Snack.<\/div>\n<div>\u00a0<\/div>\n<div>Zusammensetzung:<\/div>\n<div>Getreide, Saaten, Gem\u00fcse, Fr\u00fcchte (\u00c4pfel 6,9%), N\u00fcsse, Ei und Eierzeugnisse 5,5%.<\/div>\n<div>\u00a0<\/div>\n<div>160g<\/div>\n<div>\u00a0<\/div>\n<div>\u00a0<\/div>\n","protected":false},"excerpt":{"rendered":"<p>Die lecker gebackenen Farmys mit Ei und vielen gesunden Zutaten. \u00a0 F\u00fctterungsempfehlung: Zu f\u00fcttern als Snack. \u00a0 Zusammensetzung: Getreide, Saaten, Gem\u00fcse, Fr\u00fcchte (\u00c4pfel 6,9%), N\u00fcsse, Ei und Eierzeugnisse 5,5%. \u00a0 160g \u00a0 \u00a0<\/p>\n","protected":false},"featured_media":25542,"comment_status":"closed","ping_status":"open","template":"","meta":[],"product_cat":[13830],"product_tag":[],"class_list":{"0":"post-45510","1":"product","2":"type-product","3":"status-publish","4":"has-post-thumbnail","6":"product_cat-meerschweinchen","8":"first","9":"instock","10":"taxable","11":"shipping-taxable","12":"purchasable","13":"product-type-simple"},"_links":{"self":[{"href":"https:\/\/all-pets.de\/shop\/wp-json\/wp\/v2\/product\/45510","targetHints":{"allow":["GET"]}}],"collection":[{"href":"https:\/\/all-pets.de\/shop\/wp-json\/wp\/v2\/product"}],"about":[{"href":"https:\/\/all-pets.de\/shop\/wp-json\/wp\/v2\/types\/product"}],"replies":[{"embeddable":true,"href":"https:\/\/all-pets.de\/shop\/wp-json\/wp\/v2\/comments?post=45510"}],"wp:featuredmedia":[{"embeddable":true,"href":"https:\/\/all-pets.de\/shop\/wp-json\/wp\/v2\/media\/25542"}],"wp:attachment":[{"href":"https:\/\/all-pets.de\/shop\/wp-json\/wp\/v2\/media?parent=45510"}],"wp:term":[{"taxonomy":"product_cat","embeddable":true,"href":"https:\/\/all-pets.de\/shop\/wp-json\/wp\/v2\/product_cat?post=45510"},{"taxonomy":"product_tag","embeddable":true,"href":"https:\/\/all-pets.de\/shop\/wp-json\/wp\/v2\/product_tag?post=45510"}],"curies":[{"name":"wp","href":"https:\/\/api.w.org\/{rel}","templated":true}]}}