{"id":45512,"date":"2023-12-12T10:48:48","date_gmt":"2023-12-12T09:48:48","guid":{"rendered":"https:\/\/pet-shopping.de\/shop\/produkt\/trixie-eat-on-feet-napf-set-cats\/"},"modified":"2023-12-12T10:48:49","modified_gmt":"2023-12-12T09:48:49","slug":"trixie-eat-on-feet-napf-set-cats","status":"publish","type":"product","link":"https:\/\/all-pets.de\/shop\/produkt\/trixie-eat-on-feet-napf-set-cats\/","title":{"rendered":"Trixie Eat On Feet Napf-Set CATs"},"content":{"rendered":"<p>Die Trixie Eat on Feet Napf-Sets f\u00fcr Katzen bestehen aus 2 Keramikn\u00e4pfen in einem pulverbeschichtetem Metallhalter mit rutschfesten Gummif\u00fc\u00dfen.<\/p>\n<p>Die Keramikn\u00e4pfe in der modernen Farbmischung hellblau\/orange\/lila sind im Inneren mit passenden und lustigen Schriftz\u00fcgen jeweils f\u00fcr den Futter- und Wassernapf verziert. Beide N\u00e4pfe sind an der Front mit dem Schriftzug CATs best\u00fcckt.<\/p>\n<p>Fassungsverm\u00f6gen: 2 x 0,3 l<br \/> Durchmesser: ca. 12 cm<\/p>\n","protected":false},"excerpt":{"rendered":"<p>Die Trixie Eat on Feet Napf-Sets f\u00fcr Katzen bestehen aus 2 Keramikn\u00e4pfen in einem pulverbeschichtetem Metallhalter mit rutschfesten Gummif\u00fc\u00dfen. Die Keramikn\u00e4pfe in der modernen Farbmischung hellblau\/orange\/lila sind im Inneren mit passenden und lustigen Schriftz\u00fcgen jeweils f\u00fcr den Futter- und Wassernapf verziert. Beide N\u00e4pfe sind an der Front mit dem Schriftzug CATs best\u00fcckt. Fassungsverm\u00f6gen: 2 x [&hellip;]<\/p>\n","protected":false},"featured_media":32696,"comment_status":"closed","ping_status":"open","template":"","meta":[],"product_cat":[13740],"product_tag":[],"class_list":{"0":"post-45512","1":"product","2":"type-product","3":"status-publish","4":"has-post-thumbnail","6":"product_cat-futter-wassernaepfe","8":"first","9":"instock","10":"taxable","11":"shipping-taxable","12":"purchasable","13":"product-type-simple"},"_links":{"self":[{"href":"https:\/\/all-pets.de\/shop\/wp-json\/wp\/v2\/product\/45512","targetHints":{"allow":["GET"]}}],"collection":[{"href":"https:\/\/all-pets.de\/shop\/wp-json\/wp\/v2\/product"}],"about":[{"href":"https:\/\/all-pets.de\/shop\/wp-json\/wp\/v2\/types\/product"}],"replies":[{"embeddable":true,"href":"https:\/\/all-pets.de\/shop\/wp-json\/wp\/v2\/comments?post=45512"}],"wp:featuredmedia":[{"embeddable":true,"href":"https:\/\/all-pets.de\/shop\/wp-json\/wp\/v2\/media\/32696"}],"wp:attachment":[{"href":"https:\/\/all-pets.de\/shop\/wp-json\/wp\/v2\/media?parent=45512"}],"wp:term":[{"taxonomy":"product_cat","embeddable":true,"href":"https:\/\/all-pets.de\/shop\/wp-json\/wp\/v2\/product_cat?post=45512"},{"taxonomy":"product_tag","embeddable":true,"href":"https:\/\/all-pets.de\/shop\/wp-json\/wp\/v2\/product_tag?post=45512"}],"curies":[{"name":"wp","href":"https:\/\/api.w.org\/{rel}","templated":true}]}}