{"id":45515,"date":"2023-12-12T10:48:48","date_gmt":"2023-12-12T09:48:48","guid":{"rendered":"https:\/\/pet-shopping.de\/shop\/produkt\/jr-farm-kleesamen-taler-200g\/"},"modified":"2023-12-12T10:48:49","modified_gmt":"2023-12-12T09:48:49","slug":"jr-farm-kleesamen-taler-200g","status":"publish","type":"product","link":"https:\/\/all-pets.de\/shop\/produkt\/jr-farm-kleesamen-taler-200g\/","title":{"rendered":"JR Farm Kleesamen-Taler 200g"},"content":{"rendered":"<p>KLEESAMEN-TALER<br \/> &#8211; Erg\u00e4nzungsfuttermittel f\u00fcr Zwergkaninchen, Meerschweinchen, Ratten, Hamster, und M\u00e4use<\/p>\n<p>JR FARM Kleesamen-Taler sind aromatische, knusprige Getreidetaler mit dem Zusatz von frischen Bockshornkleesamen, denen kein Zwergkaninchen widerstehen kann.<\/p>\n<p>Zusammensetzung: <br \/> Mais, Bockshornkleesamen, ohne k\u00fcnstliche Farb- oder Konservierungsstoffe <\/p>\n<p>Inhaltsstoffe: <br \/> Rohprotein: 10,6 %<br \/> Rohfett 1,9 %<br \/> Rohfaser: 2,3 %<br \/> Rohasche: 1,5 % <\/p>\n","protected":false},"excerpt":{"rendered":"<p>KLEESAMEN-TALER &#8211; Erg\u00e4nzungsfuttermittel f\u00fcr Zwergkaninchen, Meerschweinchen, Ratten, Hamster, und M\u00e4use JR FARM Kleesamen-Taler sind aromatische, knusprige Getreidetaler mit dem Zusatz von frischen Bockshornkleesamen, denen kein Zwergkaninchen widerstehen kann. Zusammensetzung: Mais, Bockshornkleesamen, ohne k\u00fcnstliche Farb- oder Konservierungsstoffe Inhaltsstoffe: Rohprotein: 10,6 % Rohfett 1,9 % Rohfaser: 2,3 % Rohasche: 1,5 %<\/p>\n","protected":false},"featured_media":25548,"comment_status":"closed","ping_status":"open","template":"","meta":[],"product_cat":[13990],"product_tag":[],"class_list":{"0":"post-45515","1":"product","2":"type-product","3":"status-publish","4":"has-post-thumbnail","6":"product_cat-ratte-kleintierfutter-snacks-degukleintierwelt-kleintierfutter-snacks-2","8":"first","9":"instock","10":"taxable","11":"shipping-taxable","12":"purchasable","13":"product-type-simple"},"_links":{"self":[{"href":"https:\/\/all-pets.de\/shop\/wp-json\/wp\/v2\/product\/45515","targetHints":{"allow":["GET"]}}],"collection":[{"href":"https:\/\/all-pets.de\/shop\/wp-json\/wp\/v2\/product"}],"about":[{"href":"https:\/\/all-pets.de\/shop\/wp-json\/wp\/v2\/types\/product"}],"replies":[{"embeddable":true,"href":"https:\/\/all-pets.de\/shop\/wp-json\/wp\/v2\/comments?post=45515"}],"wp:featuredmedia":[{"embeddable":true,"href":"https:\/\/all-pets.de\/shop\/wp-json\/wp\/v2\/media\/25548"}],"wp:attachment":[{"href":"https:\/\/all-pets.de\/shop\/wp-json\/wp\/v2\/media?parent=45515"}],"wp:term":[{"taxonomy":"product_cat","embeddable":true,"href":"https:\/\/all-pets.de\/shop\/wp-json\/wp\/v2\/product_cat?post=45515"},{"taxonomy":"product_tag","embeddable":true,"href":"https:\/\/all-pets.de\/shop\/wp-json\/wp\/v2\/product_tag?post=45515"}],"curies":[{"name":"wp","href":"https:\/\/api.w.org\/{rel}","templated":true}]}}