{"id":45517,"date":"2023-12-12T10:48:48","date_gmt":"2023-12-12T09:48:48","guid":{"rendered":"https:\/\/pet-shopping.de\/shop\/produkt\/jr-farm-fruechtchen-150g\/"},"modified":"2023-12-12T10:48:49","modified_gmt":"2023-12-12T09:48:49","slug":"jr-farm-fruechtchen-150g","status":"publish","type":"product","link":"https:\/\/all-pets.de\/shop\/produkt\/jr-farm-fruechtchen-150g\/","title":{"rendered":"JR Farm Fr\u00fcchtchen 150g"},"content":{"rendered":"<p>FR\u00dcCHTCHEN<br \/> &#8211; Erg\u00e4nzungsfuttermittel f\u00fcr Zwergkaninchen, Meerschweinchen, Ratten, Hamster, M\u00e4use,&#8230;<\/p>\n<p>JR FARM Fr\u00fcchtchen sind ein bunter Knusperspa\u00df f\u00fcr alle Nager. Energiereich und leichtverdaulich!<\/p>\n<p>Zusammensetzung: <br \/> Mais, Weizen, Saccharose, Soja\u00f6l, EG Zusatzstoffe, ohne k\u00fcnstliche Konservierungsstoffe<\/p>\n<p>Inhaltsstoffe: <br \/> Rohprotein 2,0%<br \/> Rohfett 2,0%<br \/> Rohfaser 2,0%<br \/> Rohasche 4,0%<\/p>\n","protected":false},"excerpt":{"rendered":"<p>FR\u00dcCHTCHEN &#8211; Erg\u00e4nzungsfuttermittel f\u00fcr Zwergkaninchen, Meerschweinchen, Ratten, Hamster, M\u00e4use,&#8230; JR FARM Fr\u00fcchtchen sind ein bunter Knusperspa\u00df f\u00fcr alle Nager. Energiereich und leichtverdaulich! Zusammensetzung: Mais, Weizen, Saccharose, Soja\u00f6l, EG Zusatzstoffe, ohne k\u00fcnstliche Konservierungsstoffe Inhaltsstoffe: Rohprotein 2,0% Rohfett 2,0% Rohfaser 2,0% Rohasche 4,0%<\/p>\n","protected":false},"featured_media":25554,"comment_status":"closed","ping_status":"open","template":"","meta":[],"product_cat":[13977],"product_tag":[],"class_list":{"0":"post-45517","1":"product","2":"type-product","3":"status-publish","4":"has-post-thumbnail","6":"product_cat-ratte","8":"first","9":"instock","10":"taxable","11":"shipping-taxable","12":"purchasable","13":"product-type-simple"},"_links":{"self":[{"href":"https:\/\/all-pets.de\/shop\/wp-json\/wp\/v2\/product\/45517","targetHints":{"allow":["GET"]}}],"collection":[{"href":"https:\/\/all-pets.de\/shop\/wp-json\/wp\/v2\/product"}],"about":[{"href":"https:\/\/all-pets.de\/shop\/wp-json\/wp\/v2\/types\/product"}],"replies":[{"embeddable":true,"href":"https:\/\/all-pets.de\/shop\/wp-json\/wp\/v2\/comments?post=45517"}],"wp:featuredmedia":[{"embeddable":true,"href":"https:\/\/all-pets.de\/shop\/wp-json\/wp\/v2\/media\/25554"}],"wp:attachment":[{"href":"https:\/\/all-pets.de\/shop\/wp-json\/wp\/v2\/media?parent=45517"}],"wp:term":[{"taxonomy":"product_cat","embeddable":true,"href":"https:\/\/all-pets.de\/shop\/wp-json\/wp\/v2\/product_cat?post=45517"},{"taxonomy":"product_tag","embeddable":true,"href":"https:\/\/all-pets.de\/shop\/wp-json\/wp\/v2\/product_tag?post=45517"}],"curies":[{"name":"wp","href":"https:\/\/api.w.org\/{rel}","templated":true}]}}