{"id":45518,"date":"2023-12-12T10:48:48","date_gmt":"2023-12-12T09:48:48","guid":{"rendered":"https:\/\/pet-shopping.de\/shop\/produkt\/jr-farm-heu-tunnel-xxl\/"},"modified":"2023-12-12T10:48:49","modified_gmt":"2023-12-12T09:48:49","slug":"jr-farm-heu-tunnel-xxl","status":"publish","type":"product","link":"https:\/\/all-pets.de\/shop\/produkt\/jr-farm-heu-tunnel-xxl\/","title":{"rendered":"JR Farm Heu-Tunnel XXL"},"content":{"rendered":"<p>Erg\u00e4nzungsfuttermittel und Behausung f\u00fcr alle Nager und Zwergkaninchen<\/p>\n<p>Zum Spielen, Verstecken und Nagen. Aus 100% Naturmaterial, nat\u00fcrlich ohne k\u00fcnstliche Klebstoffe. F\u00fcr das extra gro\u00dfe Nagervergn\u00fcgen.<\/p>\n<p>F\u00fctterungsempfehlung:<\/p>\n<p>Austauschen wenn verschmutzt.<\/p>\n<p>Zusammensetzung:<\/p>\n<p>Faserrolle, St\u00e4rke, Bergwiesenheu 8,3%<\/p>\n<p>950 g<\/p>\n","protected":false},"excerpt":{"rendered":"<p>Erg\u00e4nzungsfuttermittel und Behausung f\u00fcr alle Nager und Zwergkaninchen Zum Spielen, Verstecken und Nagen. Aus 100% Naturmaterial, nat\u00fcrlich ohne k\u00fcnstliche Klebstoffe. F\u00fcr das extra gro\u00dfe Nagervergn\u00fcgen. F\u00fctterungsempfehlung: Austauschen wenn verschmutzt. Zusammensetzung: Faserrolle, St\u00e4rke, Bergwiesenheu 8,3% 950 g<\/p>\n","protected":false},"featured_media":34087,"comment_status":"closed","ping_status":"open","template":"","meta":[],"product_cat":[14014],"product_tag":[],"class_list":{"0":"post-45518","1":"product","2":"type-product","3":"status-publish","4":"has-post-thumbnail","6":"product_cat-tunnel-hoehlen-bruecken","8":"first","9":"instock","10":"taxable","11":"shipping-taxable","12":"purchasable","13":"product-type-simple"},"_links":{"self":[{"href":"https:\/\/all-pets.de\/shop\/wp-json\/wp\/v2\/product\/45518","targetHints":{"allow":["GET"]}}],"collection":[{"href":"https:\/\/all-pets.de\/shop\/wp-json\/wp\/v2\/product"}],"about":[{"href":"https:\/\/all-pets.de\/shop\/wp-json\/wp\/v2\/types\/product"}],"replies":[{"embeddable":true,"href":"https:\/\/all-pets.de\/shop\/wp-json\/wp\/v2\/comments?post=45518"}],"wp:featuredmedia":[{"embeddable":true,"href":"https:\/\/all-pets.de\/shop\/wp-json\/wp\/v2\/media\/34087"}],"wp:attachment":[{"href":"https:\/\/all-pets.de\/shop\/wp-json\/wp\/v2\/media?parent=45518"}],"wp:term":[{"taxonomy":"product_cat","embeddable":true,"href":"https:\/\/all-pets.de\/shop\/wp-json\/wp\/v2\/product_cat?post=45518"},{"taxonomy":"product_tag","embeddable":true,"href":"https:\/\/all-pets.de\/shop\/wp-json\/wp\/v2\/product_tag?post=45518"}],"curies":[{"name":"wp","href":"https:\/\/api.w.org\/{rel}","templated":true}]}}