{"id":45519,"date":"2023-12-12T10:48:48","date_gmt":"2023-12-12T09:48:48","guid":{"rendered":"https:\/\/pet-shopping.de\/shop\/produkt\/jr-farm-pure-kuerbiskerne-125g\/"},"modified":"2023-12-12T10:48:50","modified_gmt":"2023-12-12T09:48:50","slug":"jr-farm-pure-kuerbiskerne-125g","status":"publish","type":"product","link":"https:\/\/all-pets.de\/shop\/produkt\/jr-farm-pure-kuerbiskerne-125g\/","title":{"rendered":"JR Farm Pure K\u00fcrbiskerne 125g"},"content":{"rendered":"<p>Pure K\u00fcrbiskerne <br \/> &#8211; Einzelfuttermittel f\u00fcr Zwergkaninchen, Meerschweinchen, Ratten, Hamster und M\u00e4use. <\/p>\n<p> JR FARM Pure sind naturbelassene, schonend getrocknete Spezialit\u00e4ten f\u00fcr eine vielseitige, ausgewogene Ern\u00e4hrung. <\/p>\n<p> Zusammensetzung: 100% K\u00fcrbiskerne <\/p>\n<p> Qualit\u00e4t aus Bayern!<br \/> JR Farm hat es sich zur Aufgabe gemacht, artgerechtes und gesundes Futter f\u00fcr Heimtiere zu produzieren.<br \/> Im eigenen landwirtschaftlichen Betrieb erntet JR Farm viele der verwendeten Rohstoffe und kann so beste bayerische Qualit\u00e4t garantieren. <br \/> Die Liebe zu den Tieren und der t\u00e4gliche Umgang mit Ihnen bildet den Antrieb um immer neue, gesunde, bedarfsgerechte Leckerbissen zu entwickeln.<\/p>\n","protected":false},"excerpt":{"rendered":"<p>Pure K\u00fcrbiskerne &#8211; Einzelfuttermittel f\u00fcr Zwergkaninchen, Meerschweinchen, Ratten, Hamster und M\u00e4use. JR FARM Pure sind naturbelassene, schonend getrocknete Spezialit\u00e4ten f\u00fcr eine vielseitige, ausgewogene Ern\u00e4hrung. Zusammensetzung: 100% K\u00fcrbiskerne Qualit\u00e4t aus Bayern! JR Farm hat es sich zur Aufgabe gemacht, artgerechtes und gesundes Futter f\u00fcr Heimtiere zu produzieren. Im eigenen landwirtschaftlichen Betrieb erntet JR Farm viele der [&hellip;]<\/p>\n","protected":false},"featured_media":25556,"comment_status":"closed","ping_status":"open","template":"","meta":[],"product_cat":[14019],"product_tag":[],"class_list":{"0":"post-45519","1":"product","2":"type-product","3":"status-publish","4":"has-post-thumbnail","6":"product_cat-meerschweinchen-kleintierfutter-snacks-degukleintierwelt-kleintierfutter-snacks-2","8":"first","9":"instock","10":"taxable","11":"shipping-taxable","12":"purchasable","13":"product-type-simple"},"_links":{"self":[{"href":"https:\/\/all-pets.de\/shop\/wp-json\/wp\/v2\/product\/45519","targetHints":{"allow":["GET"]}}],"collection":[{"href":"https:\/\/all-pets.de\/shop\/wp-json\/wp\/v2\/product"}],"about":[{"href":"https:\/\/all-pets.de\/shop\/wp-json\/wp\/v2\/types\/product"}],"replies":[{"embeddable":true,"href":"https:\/\/all-pets.de\/shop\/wp-json\/wp\/v2\/comments?post=45519"}],"wp:featuredmedia":[{"embeddable":true,"href":"https:\/\/all-pets.de\/shop\/wp-json\/wp\/v2\/media\/25556"}],"wp:attachment":[{"href":"https:\/\/all-pets.de\/shop\/wp-json\/wp\/v2\/media?parent=45519"}],"wp:term":[{"taxonomy":"product_cat","embeddable":true,"href":"https:\/\/all-pets.de\/shop\/wp-json\/wp\/v2\/product_cat?post=45519"},{"taxonomy":"product_tag","embeddable":true,"href":"https:\/\/all-pets.de\/shop\/wp-json\/wp\/v2\/product_tag?post=45519"}],"curies":[{"name":"wp","href":"https:\/\/api.w.org\/{rel}","templated":true}]}}