{"id":45520,"date":"2023-12-12T10:48:48","date_gmt":"2023-12-12T09:48:48","guid":{"rendered":"https:\/\/pet-shopping.de\/shop\/produkt\/jr-farm-rucola-tomate-100g\/"},"modified":"2023-12-12T10:48:50","modified_gmt":"2023-12-12T09:48:50","slug":"jr-farm-rucola-tomate-100g","status":"publish","type":"product","link":"https:\/\/all-pets.de\/shop\/produkt\/jr-farm-rucola-tomate-100g\/","title":{"rendered":"JR Farm Rucola &#038; Tomate 100g"},"content":{"rendered":"<p>Rucola &#038; Tomate <br \/> &#8211; gesundes Raufutter f\u00fcr jeden Tag<\/p>\n<p> Die zarten Bl\u00e4tter des Rucola sind leicht verdaulich und kalorienarm und bilden zusammen mit der ballaststoffreichen Tomate eine mediterrane Delikatesse. <br \/> Der hohe Rohfasergehalt sorgt f\u00fcr eine optimale Verdauung und steigert somit das Wohlbefinden. F\u00fctterungsempfehlung: Gemischt mit Heu oder anderen Kr\u00e4utern, oder zus\u00e4tzlich zur t\u00e4glichen Heuration. <\/p>\n<p> Zusammensetzung: Rucola (90%), Tomate<\/p>\n<p> Inhaltsstoffe: <br \/> Rohprotein: 15,3%<br \/> Rohfett: 3,3%<br \/> Rohfaser: 13,5%<br \/> Rohasche: 6,1%<br \/> Feuchtigkeit: 10,1%<\/p>\n","protected":false},"excerpt":{"rendered":"<p>Rucola &#038; Tomate &#8211; gesundes Raufutter f\u00fcr jeden Tag Die zarten Bl\u00e4tter des Rucola sind leicht verdaulich und kalorienarm und bilden zusammen mit der ballaststoffreichen Tomate eine mediterrane Delikatesse. Der hohe Rohfasergehalt sorgt f\u00fcr eine optimale Verdauung und steigert somit das Wohlbefinden. F\u00fctterungsempfehlung: Gemischt mit Heu oder anderen Kr\u00e4utern, oder zus\u00e4tzlich zur t\u00e4glichen Heuration. Zusammensetzung: [&hellip;]<\/p>\n","protected":false},"featured_media":25558,"comment_status":"closed","ping_status":"open","template":"","meta":[],"product_cat":[13993],"product_tag":[],"class_list":{"0":"post-45520","1":"product","2":"type-product","3":"status-publish","4":"has-post-thumbnail","6":"product_cat-degu-kleintierfutter-snacks-rattekleintierwelt-kleintierfutter-snacks-2","8":"first","9":"instock","10":"taxable","11":"shipping-taxable","12":"purchasable","13":"product-type-simple"},"_links":{"self":[{"href":"https:\/\/all-pets.de\/shop\/wp-json\/wp\/v2\/product\/45520","targetHints":{"allow":["GET"]}}],"collection":[{"href":"https:\/\/all-pets.de\/shop\/wp-json\/wp\/v2\/product"}],"about":[{"href":"https:\/\/all-pets.de\/shop\/wp-json\/wp\/v2\/types\/product"}],"replies":[{"embeddable":true,"href":"https:\/\/all-pets.de\/shop\/wp-json\/wp\/v2\/comments?post=45520"}],"wp:featuredmedia":[{"embeddable":true,"href":"https:\/\/all-pets.de\/shop\/wp-json\/wp\/v2\/media\/25558"}],"wp:attachment":[{"href":"https:\/\/all-pets.de\/shop\/wp-json\/wp\/v2\/media?parent=45520"}],"wp:term":[{"taxonomy":"product_cat","embeddable":true,"href":"https:\/\/all-pets.de\/shop\/wp-json\/wp\/v2\/product_cat?post=45520"},{"taxonomy":"product_tag","embeddable":true,"href":"https:\/\/all-pets.de\/shop\/wp-json\/wp\/v2\/product_tag?post=45520"}],"curies":[{"name":"wp","href":"https:\/\/api.w.org\/{rel}","templated":true}]}}