{"id":45521,"date":"2023-12-12T10:48:48","date_gmt":"2023-12-12T09:48:48","guid":{"rendered":"https:\/\/pet-shopping.de\/shop\/produkt\/jr-farm-nager-murmeln-70g\/"},"modified":"2023-12-12T10:48:50","modified_gmt":"2023-12-12T09:48:50","slug":"jr-farm-nager-murmeln-70g","status":"publish","type":"product","link":"https:\/\/all-pets.de\/shop\/produkt\/jr-farm-nager-murmeln-70g\/","title":{"rendered":"JR Farm Nager-Murmeln 70g"},"content":{"rendered":"<p>NAGER-MURMELN<br \/> &#8211; Erg\u00e4nzungsfuttermittel f\u00fcr Zwergkaninchen, Meerschweinchen, Ratten, Hamster, M\u00e4use und Chinchillas<\/p>\n<p>R FARM Nager-Murmeln sind bunt, rund und knusprig.<br \/> Orange: Karotte, Rot: Rote Beete, Gr\u00fcn: Luzerne, Gelb: Mais<\/p>\n<p>Zusammensetzung: Mais, Karotten, Rote Beete, Luzerne<\/p>\n<p>Inhaltsstoffe: <br \/> Rohprotein 13,5%<br \/> Rohfett 3,0%<br \/> Rohfaser 9,5%<br \/> Rohasche 5,0%<\/p>\n","protected":false},"excerpt":{"rendered":"<p>NAGER-MURMELN &#8211; Erg\u00e4nzungsfuttermittel f\u00fcr Zwergkaninchen, Meerschweinchen, Ratten, Hamster, M\u00e4use und Chinchillas R FARM Nager-Murmeln sind bunt, rund und knusprig. Orange: Karotte, Rot: Rote Beete, Gr\u00fcn: Luzerne, Gelb: Mais Zusammensetzung: Mais, Karotten, Rote Beete, Luzerne Inhaltsstoffe: Rohprotein 13,5% Rohfett 3,0% Rohfaser 9,5% Rohasche 5,0%<\/p>\n","protected":false},"featured_media":25560,"comment_status":"closed","ping_status":"open","template":"","meta":[],"product_cat":[14025],"product_tag":[],"class_list":{"0":"post-45521","1":"product","2":"type-product","3":"status-publish","4":"has-post-thumbnail","6":"product_cat-meerschweinchen-kleintierfutter-snacks-zwergkaninchenkleintierwelt-kleintierfutter-snacks-degukleintierwelt-2","8":"first","9":"instock","10":"taxable","11":"shipping-taxable","12":"purchasable","13":"product-type-simple"},"_links":{"self":[{"href":"https:\/\/all-pets.de\/shop\/wp-json\/wp\/v2\/product\/45521","targetHints":{"allow":["GET"]}}],"collection":[{"href":"https:\/\/all-pets.de\/shop\/wp-json\/wp\/v2\/product"}],"about":[{"href":"https:\/\/all-pets.de\/shop\/wp-json\/wp\/v2\/types\/product"}],"replies":[{"embeddable":true,"href":"https:\/\/all-pets.de\/shop\/wp-json\/wp\/v2\/comments?post=45521"}],"wp:featuredmedia":[{"embeddable":true,"href":"https:\/\/all-pets.de\/shop\/wp-json\/wp\/v2\/media\/25560"}],"wp:attachment":[{"href":"https:\/\/all-pets.de\/shop\/wp-json\/wp\/v2\/media?parent=45521"}],"wp:term":[{"taxonomy":"product_cat","embeddable":true,"href":"https:\/\/all-pets.de\/shop\/wp-json\/wp\/v2\/product_cat?post=45521"},{"taxonomy":"product_tag","embeddable":true,"href":"https:\/\/all-pets.de\/shop\/wp-json\/wp\/v2\/product_tag?post=45521"}],"curies":[{"name":"wp","href":"https:\/\/api.w.org\/{rel}","templated":true}]}}