{"id":45534,"date":"2023-12-12T10:48:52","date_gmt":"2023-12-12T09:48:52","guid":{"rendered":"https:\/\/pet-shopping.de\/shop\/produkt\/trixie-liegematte-tilly\/"},"modified":"2023-12-12T10:48:53","modified_gmt":"2023-12-12T09:48:53","slug":"trixie-liegematte-tilly","status":"publish","type":"product","link":"https:\/\/all-pets.de\/shop\/produkt\/trixie-liegematte-tilly\/","title":{"rendered":"Trixie Liegematte Tilly"},"content":{"rendered":"<ul>\n<li> Pl\u00fcsch-Bezug <\/li>\n<li> d\u00fcnne Schaumstoff-F\u00fcllung <\/li>\n<li> rutschfester Boden <\/li>\n<\/ul>\n<p>Ma\u00dfe: 40 \u00d7 50 cm<br \/> Farbe: beige<\/p>\n","protected":false},"excerpt":{"rendered":"<p>Pl\u00fcsch-Bezug d\u00fcnne Schaumstoff-F\u00fcllung rutschfester Boden Ma\u00dfe: 40 \u00d7 50 cm Farbe: beige<\/p>\n","protected":false},"featured_media":31714,"comment_status":"closed","ping_status":"open","template":"","meta":[],"product_cat":[13987],"product_tag":[],"class_list":{"0":"post-45534","1":"product","2":"type-product","3":"status-publish","4":"has-post-thumbnail","6":"product_cat-katzenkissen","8":"first","9":"instock","10":"taxable","11":"shipping-taxable","12":"purchasable","13":"product-type-simple"},"_links":{"self":[{"href":"https:\/\/all-pets.de\/shop\/wp-json\/wp\/v2\/product\/45534","targetHints":{"allow":["GET"]}}],"collection":[{"href":"https:\/\/all-pets.de\/shop\/wp-json\/wp\/v2\/product"}],"about":[{"href":"https:\/\/all-pets.de\/shop\/wp-json\/wp\/v2\/types\/product"}],"replies":[{"embeddable":true,"href":"https:\/\/all-pets.de\/shop\/wp-json\/wp\/v2\/comments?post=45534"}],"wp:featuredmedia":[{"embeddable":true,"href":"https:\/\/all-pets.de\/shop\/wp-json\/wp\/v2\/media\/31714"}],"wp:attachment":[{"href":"https:\/\/all-pets.de\/shop\/wp-json\/wp\/v2\/media?parent=45534"}],"wp:term":[{"taxonomy":"product_cat","embeddable":true,"href":"https:\/\/all-pets.de\/shop\/wp-json\/wp\/v2\/product_cat?post=45534"},{"taxonomy":"product_tag","embeddable":true,"href":"https:\/\/all-pets.de\/shop\/wp-json\/wp\/v2\/product_tag?post=45534"}],"curies":[{"name":"wp","href":"https:\/\/api.w.org\/{rel}","templated":true}]}}