{"id":45535,"date":"2023-12-12T10:48:52","date_gmt":"2023-12-12T09:48:52","guid":{"rendered":"https:\/\/pet-shopping.de\/shop\/produkt\/karlie-flamingo-weihnachtsspielzeug-vinyl-12-cm\/"},"modified":"2023-12-12T10:48:53","modified_gmt":"2023-12-12T09:48:53","slug":"karlie-flamingo-weihnachtsspielzeug-vinyl-12-cm","status":"publish","type":"product","link":"https:\/\/all-pets.de\/shop\/produkt\/karlie-flamingo-weihnachtsspielzeug-vinyl-12-cm\/","title":{"rendered":"Karlie Flamingo Weihnachtsspielzeug Vinyl &#8211; 12 cm"},"content":{"rendered":"<p>Lustiges Weihnachtsspielzeug aus Vinyl. Die festlichen Motive sorgen f\u00fcr mehr Spielspa\u00df in der Weihnachtszeit.<\/p>\n<p>Gr\u00f6\u00dfe: ca. 12 cm<br \/> 1 St\u00fcck.<\/p>\n<p>Eine Motivwahl ist leider nicht m\u00f6glich, da die Variante je nach Lagerbestand gew\u00e4hlt wird.<\/p>\n","protected":false},"excerpt":{"rendered":"<p>Lustiges Weihnachtsspielzeug aus Vinyl. Die festlichen Motive sorgen f\u00fcr mehr Spielspa\u00df in der Weihnachtszeit. Gr\u00f6\u00dfe: ca. 12 cm 1 St\u00fcck. Eine Motivwahl ist leider nicht m\u00f6glich, da die Variante je nach Lagerbestand gew\u00e4hlt wird.<\/p>\n","protected":false},"featured_media":21115,"comment_status":"closed","ping_status":"open","template":"","meta":[],"product_cat":[14032],"product_tag":[],"class_list":{"0":"post-45535","1":"product","2":"type-product","3":"status-publish","4":"has-post-thumbnail","6":"product_cat-squeeker-hundespielzeug-sport-hunde-x-mashundewelt-hundewelt","8":"first","9":"instock","10":"taxable","11":"shipping-taxable","12":"purchasable","13":"product-type-simple"},"_links":{"self":[{"href":"https:\/\/all-pets.de\/shop\/wp-json\/wp\/v2\/product\/45535","targetHints":{"allow":["GET"]}}],"collection":[{"href":"https:\/\/all-pets.de\/shop\/wp-json\/wp\/v2\/product"}],"about":[{"href":"https:\/\/all-pets.de\/shop\/wp-json\/wp\/v2\/types\/product"}],"replies":[{"embeddable":true,"href":"https:\/\/all-pets.de\/shop\/wp-json\/wp\/v2\/comments?post=45535"}],"wp:featuredmedia":[{"embeddable":true,"href":"https:\/\/all-pets.de\/shop\/wp-json\/wp\/v2\/media\/21115"}],"wp:attachment":[{"href":"https:\/\/all-pets.de\/shop\/wp-json\/wp\/v2\/media?parent=45535"}],"wp:term":[{"taxonomy":"product_cat","embeddable":true,"href":"https:\/\/all-pets.de\/shop\/wp-json\/wp\/v2\/product_cat?post=45535"},{"taxonomy":"product_tag","embeddable":true,"href":"https:\/\/all-pets.de\/shop\/wp-json\/wp\/v2\/product_tag?post=45535"}],"curies":[{"name":"wp","href":"https:\/\/api.w.org\/{rel}","templated":true}]}}