{"id":45537,"date":"2023-12-12T10:48:52","date_gmt":"2023-12-12T09:48:52","guid":{"rendered":"https:\/\/pet-shopping.de\/shop\/produkt\/karlie-leine-comfort-braun-100cm-14mm\/"},"modified":"2023-12-12T10:48:53","modified_gmt":"2023-12-12T09:48:53","slug":"karlie-leine-comfort-braun-100cm-14mm","status":"publish","type":"product","link":"https:\/\/all-pets.de\/shop\/produkt\/karlie-leine-comfort-braun-100cm-14mm\/","title":{"rendered":"Karlie Leine Comfort &#8211; Braun, 100cm \/ 14mm"},"content":{"rendered":"<p>Die Leine Comfort in ihrer schlichten Eleganz ist eine gelungeneKombination von \u00e4u\u00dferst geschmeidigem, gespaltenem Vollleder auf derOberseite und weichem Nappaleder auf der Unterseite und gew\u00e4hrleisteteine angenehme Oberfl\u00e4chenhaptik. Durch die einzelnenProduktionsschritte des Riegelns, Abn\u00e4hens und Buggens entsteht einwertiges, formbest\u00e4ndiges Qualit\u00e4tsprodukt mit weichen Kanten. <\/p>\n<p>Breite: ca. 14 mm<br \/>L\u00e4nge: ca. 100 cm<br \/>Farbe: braun<\/p>\n","protected":false},"excerpt":{"rendered":"<p>Die Leine Comfort in ihrer schlichten Eleganz ist eine gelungeneKombination von \u00e4u\u00dferst geschmeidigem, gespaltenem Vollleder auf derOberseite und weichem Nappaleder auf der Unterseite und gew\u00e4hrleisteteine angenehme Oberfl\u00e4chenhaptik. Durch die einzelnenProduktionsschritte des Riegelns, Abn\u00e4hens und Buggens entsteht einwertiges, formbest\u00e4ndiges Qualit\u00e4tsprodukt mit weichen Kanten. Breite: ca. 14 mmL\u00e4nge: ca. 100 cmFarbe: braun<\/p>\n","protected":false},"featured_media":45538,"comment_status":"closed","ping_status":"open","template":"","meta":[],"product_cat":[13749],"product_tag":[],"class_list":{"0":"post-45537","1":"product","2":"type-product","3":"status-publish","4":"has-post-thumbnail","6":"product_cat-lederleinen","8":"first","9":"instock","10":"taxable","11":"shipping-taxable","12":"purchasable","13":"product-type-simple"},"_links":{"self":[{"href":"https:\/\/all-pets.de\/shop\/wp-json\/wp\/v2\/product\/45537","targetHints":{"allow":["GET"]}}],"collection":[{"href":"https:\/\/all-pets.de\/shop\/wp-json\/wp\/v2\/product"}],"about":[{"href":"https:\/\/all-pets.de\/shop\/wp-json\/wp\/v2\/types\/product"}],"replies":[{"embeddable":true,"href":"https:\/\/all-pets.de\/shop\/wp-json\/wp\/v2\/comments?post=45537"}],"wp:featuredmedia":[{"embeddable":true,"href":"https:\/\/all-pets.de\/shop\/wp-json\/wp\/v2\/media\/45538"}],"wp:attachment":[{"href":"https:\/\/all-pets.de\/shop\/wp-json\/wp\/v2\/media?parent=45537"}],"wp:term":[{"taxonomy":"product_cat","embeddable":true,"href":"https:\/\/all-pets.de\/shop\/wp-json\/wp\/v2\/product_cat?post=45537"},{"taxonomy":"product_tag","embeddable":true,"href":"https:\/\/all-pets.de\/shop\/wp-json\/wp\/v2\/product_tag?post=45537"}],"curies":[{"name":"wp","href":"https:\/\/api.w.org\/{rel}","templated":true}]}}