{"id":45541,"date":"2023-12-12T10:48:52","date_gmt":"2023-12-12T09:48:52","guid":{"rendered":"https:\/\/pet-shopping.de\/shop\/produkt\/trixie-jogger-frontrad-fuer-fahrrad-anhaenger\/"},"modified":"2023-12-12T10:48:54","modified_gmt":"2023-12-12T09:48:54","slug":"trixie-jogger-frontrad-fuer-fahrrad-anhaenger","status":"publish","type":"product","link":"https:\/\/all-pets.de\/shop\/produkt\/trixie-jogger-frontrad-fuer-fahrrad-anhaenger\/","title":{"rendered":"Trixie Jogger-Frontrad f\u00fcr Fahrrad-Anh\u00e4nger"},"content":{"rendered":"<ul>\n<li>f\u00fcr den Umbau vom Fahrrad-Anh\u00e4nger zum Jogger mit Schnell-Click-Funktion (f\u00fcr die Anh\u00e4nger mit Artikelnr.: 12794, 12796, 12798)<\/li>\n<li>hoher Fahrkomfort auch auf unebenem Gel\u00e4nde durch gefedertes Rad<\/li>\n<li>wendig durch 360\u00b0-Gelenk<\/li>\n<li>pneumatischer Reifen<\/li>\n<li>tierschutzkonform nach \u00a7 18 (AT)<\/li>\n<\/ul>\n","protected":false},"excerpt":{"rendered":"<p>f\u00fcr den Umbau vom Fahrrad-Anh\u00e4nger zum Jogger mit Schnell-Click-Funktion (f\u00fcr die Anh\u00e4nger mit Artikelnr.: 12794, 12796, 12798) hoher Fahrkomfort auch auf unebenem Gel\u00e4nde durch gefedertes Rad wendig durch 360\u00b0-Gelenk pneumatischer Reifen tierschutzkonform nach \u00a7 18 (AT)<\/p>\n","protected":false},"featured_media":45542,"comment_status":"closed","ping_status":"open","template":"","meta":[],"product_cat":[13843],"product_tag":[],"class_list":{"0":"post-45541","1":"product","2":"type-product","3":"status-publish","4":"has-post-thumbnail","6":"product_cat-rad-und-joggingzubehoer","8":"first","9":"instock","10":"taxable","11":"shipping-taxable","12":"purchasable","13":"product-type-simple"},"_links":{"self":[{"href":"https:\/\/all-pets.de\/shop\/wp-json\/wp\/v2\/product\/45541","targetHints":{"allow":["GET"]}}],"collection":[{"href":"https:\/\/all-pets.de\/shop\/wp-json\/wp\/v2\/product"}],"about":[{"href":"https:\/\/all-pets.de\/shop\/wp-json\/wp\/v2\/types\/product"}],"replies":[{"embeddable":true,"href":"https:\/\/all-pets.de\/shop\/wp-json\/wp\/v2\/comments?post=45541"}],"wp:featuredmedia":[{"embeddable":true,"href":"https:\/\/all-pets.de\/shop\/wp-json\/wp\/v2\/media\/45542"}],"wp:attachment":[{"href":"https:\/\/all-pets.de\/shop\/wp-json\/wp\/v2\/media?parent=45541"}],"wp:term":[{"taxonomy":"product_cat","embeddable":true,"href":"https:\/\/all-pets.de\/shop\/wp-json\/wp\/v2\/product_cat?post=45541"},{"taxonomy":"product_tag","embeddable":true,"href":"https:\/\/all-pets.de\/shop\/wp-json\/wp\/v2\/product_tag?post=45541"}],"curies":[{"name":"wp","href":"https:\/\/api.w.org\/{rel}","templated":true}]}}